{"id":2999,"date":"2021-03-08T10:59:24","date_gmt":"2021-03-08T10:59:24","guid":{"rendered":"https:\/\/www.apartamentosmariavictoria.com\/politica-de-privacidad\/"},"modified":"2021-03-08T10:59:28","modified_gmt":"2021-03-08T10:59:28","slug":"politica-de-privacidad","status":"publish","type":"page","link":"https:\/\/apartamentosmariavictoria.com\/nl\/politica-de-privacidad\/","title":{"rendered":"Pol\u00edtica de privacidad"},"content":{"rendered":"<p>[et_pb_section fb_built=&#8221;1&#8243; _builder_version=&#8221;3.22&#8243;][et_pb_row _builder_version=&#8221;4.8.2&#8243; background_size=&#8221;initial&#8221; background_position=&#8221;top_left&#8221; background_repeat=&#8221;repeat&#8221; custom_margin=&#8221;150px||||false|false&#8221; custom_margin_tablet=&#8221;&#8221; custom_margin_phone=&#8221;100px||||false|false&#8221; custom_margin_last_edited=&#8221;on|phone&#8221;][et_pb_column type=&#8221;4_4&#8243; _builder_version=&#8221;3.25&#8243; custom_padding=&#8221;|||&#8221; custom_padding__hover=&#8221;|||&#8221;][et_pb_text admin_label=&#8221;T\u00cdTULO&#8221; _builder_version=&#8221;4.7.6&#8243; _module_preset=&#8221;default&#8221;]<\/p>\n<h1 style=\"text-align: center;\">POL\u00cdTICA PRIVACIDAD HOTEL APARTAMENTOS MARIA VICTORIA BENIDORM<\/h1>\n<p>[\/et_pb_text][et_pb_text _builder_version=&#8221;4.7.4&#8243; background_size=&#8221;initial&#8221; background_position=&#8221;top_left&#8221; background_repeat=&#8221;repeat&#8221;]<\/p>\n<div>\n<p class=\"ng-binding\">Esta Pol\u00edtica de privacidad es aplicable a Hotel apartamentos Maria Victoria en Benidorm, que pertenece y est\u00e1 gestionado por Construcciones Sedavi S.A.. Esta Pol\u00edtica de privacidad describe c\u00f3mo recopilamos y utilizamos la informaci\u00f3n, que puede incluir datos personales, que nos proporcionas en nuestra web: www.apartamentosmariavictoria.com. Tambi\u00e9n describe las opciones que tienes respecto al uso de tus datos personales y de qu\u00e9 manera puedes acceder y actualizar estos datos.<\/p>\n<p class=\"ng-binding\">\n<h3 class=\"ng-binding\">Recopilaci\u00f3n de datos de Hotel Apartamentos Maria Victoria en Benidorm:<\/h3>\n<p class=\"ng-binding\">Estos son algunos de los tipos de informaci\u00f3n personal que recopilamos en Hotel Apartamentos Maria Victoria de Benidorm:<\/p>\n<ul>\n<li class=\"ng-binding\">Nombre, apellidos, e-mail, n\u00famero de tel\u00e9fono y direcci\u00f3n postal;<\/li>\n<li class=\"ng-binding\">Datos de tarjetas de cr\u00e9dito (tipo de tarjeta, n\u00famero de tarjeta, nombre del titular, fecha de caducidad y c\u00f3digo de seguridad);<\/li>\n<li class=\"ng-binding\">Informaci\u00f3n sobre las estancias de los clientes, como las fechas de llegada y salida, peticiones especiales, observaciones sobre tus preferencias en los servicios (habitaciones, instalaciones o cualquier otro servicio utilizado);<\/li>\n<li class=\"ng-binding\">Informaci\u00f3n relacionada con tus preferencias de marketing o que nos facilitas cuando participas en encuestas, concursos y ofertas promocionales. <\/li>\n<\/ul>\n<h3 class=\"ng-binding\"><\/h3>\n<h3 class=\"ng-binding\">Recopilamos de forma autom\u00e1tica:<\/h3>\n<p class=\"ng-binding\">Cuando utilizas nuestra web www.apartamentosmariavictoria.com, tambi\u00e9n recopilamos datos de forma autom\u00e1tica, algunos pueden ser personales. Por ejemplo, preferencia de idioma, direcci\u00f3n IP, ubicaci\u00f3n, ajustes del dispositivo, sistema operativo del dispositivo, de registro, tiempo de uso, URL solicitada, informe de estado, agente de usuario (informaci\u00f3n sobre la versi\u00f3n del navegador), sistema operativo, resultado (visita o reserva), historial de navegaci\u00f3n, ID de reserva del usuario y tipo de informaci\u00f3n vista. Tambi\u00e9n podemos recopilar los autom\u00e1ticamente mediante las cookies.<\/p>\n<h2 class=\"ng-binding\"><span style=\"font-size: x-large;\">Fines del procesamiento de datos en Hotel Apartamentos Maria Victoria en Benidorm<\/span><\/h2>\n<h3 class=\"ng-binding\">Utilizamos tus datos personales para los siguientes fines:<\/h3>\n<ul>\n<li class=\"ng-binding\">A. Reservas en Hotel Apartamentos Maria Victoria Benidorm : utilizamos tus d. p. para completar y gestionar tu reserva online.<\/li>\n<li class=\"ng-binding\">B. Atenci\u00f3n al cliente: utilizamos tus d. p. para ofrecer atenci\u00f3n al cliente.<\/li>\n<li class=\"ng-binding\">C. Comentarios de los clientes: puede que utilicemos los de contacto para invitarte por e-mail a escribir un comentario despu\u00e9s de la estancia. De esta manera ayudas a otros viajeros a elegir el alojamiento que mejor les encaja. Si env\u00edas un comentario, puede publicarse en nuestra web.<\/li>\n<li class=\"ng-binding\">D. Actividades de marketing en Hotel Apartamentos Maria Victoria Benidorm: tambi\u00e9n los utilizamos para actividades relacionadas con el marketing, seg\u00fan lo permitido por la ley. Cuando utilizamos los personales para hacer marketing directo, como newsletters comerciales y comunicaciones de marketing sobre servicios y productos nuevos u otras ofertas que creemos que te pueden interesar, tambi\u00e9n puedes comunicarnos tu baja, si no quieres que te enviemos m\u00e1s mensajes en el futuro.<\/li>\n<li class=\"ng-binding\">E. Otras comunicaciones de Hotel Apartamentos Maria Victoria Benidorm: puede que nos pongamos en contacto contigo por e-mail, por correo, por tel\u00e9fono o enviando un mensaje en funci\u00f3n de los datos de contacto que nos dejes. Los motivos pueden ser:<\/li>\n<\/ul>\n<p class=\"ng-binding\" ng-bind-html=\"'bks_webdirect_privacy_policy_accom_process_purpose_reasons' | bkTranslate\">a. Puede que tengamos que responder o gestionar peticiones que nos has hecho.<br \/>b. Si no has completado una reserva online, puede que te enviemos un e-mail recordatorio para seguir con tu reserva. Creemos que este servicio extra es \u00fatil para ti porque te permite completar una reserva sin tener que volver a buscar el alojamiento otra vez y sin volver a rellenar los de la reserva desde el principio.<br \/>c. Cuando utilizas nuestros servicios, puede que te enviemos un cuestionario o te invitemos a escribir un comentario sobre tu experiencia en nuestra web <a href=\"https:\/\/apartamentosmariavictoria.com\/nl\/\">www.apartamentosmariavictoria.com<\/a>. Creemos que este servicio extra es \u00fatil para ti y para nosotros, as\u00ed podremos mejorar nuestra p\u00e1gina web seg\u00fan lo que nos cuentes.<\/p>\n<ul>\n<li class=\"ng-binding\">F. An\u00e1lisis, mejoras e investigaci\u00f3n en Hotel Apartamentos Maria Victoria Benidorm: utilizamos los datos personales para llevar a cabo investigaciones y an\u00e1lisis. Puede que utilicemos a un tercero para que lo lleve a cabo en nuestro nombre. Puede que compartamos o revelemos los resultados de las investigaciones, incluidas terceras partes, de forma an\u00f3nima y global. Utilizamos los personales para realizar an\u00e1lisis, mejorar nuestros servicios, ofrecer una mejor experiencia de usuario, ampliar las funcionalidades y conseguir m\u00e1s calidad en nuestros servicios de viaje online.<\/li>\n<li class=\"ng-binding\">G. Seguridad, detecci\u00f3n de fraude y prevenci\u00f3n en Hotel Apartamentos Maria Victoria Benidorm: utilizamos la informaci\u00f3n, que puede incluir los personales, para prevenir el fraude y otras actividades ilegales o il\u00edcitas. Tambi\u00e9n utilizamos esta informaci\u00f3n para investigar y detectar el fraude. Puede que usemos los personales para evaluar riesgos y para fines de seguridad, como la autenticaci\u00f3n de usuarios. Con estos fines, puede que compartamos con terceros, como por ejemplo autoridades encargadas del cumplimiento de la ley, seg\u00fan lo permitido por la legislaci\u00f3n aplicable y asesores externos.<\/li>\n<li class=\"ng-binding\">H. Materia legal y de cumplimiento normativo: en algunos casos, debemos utilizar la informaci\u00f3n proporcionada, que puede incluir los, para gestionar y resolver reclamaciones o litigios legales, para cumplir la normativa o para investigaciones sobre regulaci\u00f3n, o para ejecutar acuerdos o cumplir peticiones legales de aplicaci\u00f3n de la ley en la medida en que la legislaci\u00f3n lo requiera.<\/li>\n<\/ul>\n<p class=\"ng-binding\">Si utilizamos medios autom\u00e1ticos para procesar los que tengan efectos legales o que puedan afectarte de forma significativa, aplicaremos las medidas necesarias para salvaguardar tus derechos y libertades, incluido el derecho a obtener intervenci\u00f3n humana.<\/p>\n<h3 class=\"ng-binding\"><\/h3>\n<h3 class=\"ng-binding\">Bases legales<\/h3>\n<ul>\n<li class=\"ng-binding\">Habida cuenta de los fines A y B, dependemos del cumplimiento: el uso puede ser necesario para cumplir con la reserva que tienes con nosotros. Por ejemplo, si utilizas nuestros servicios para hacer una reserva online, los usaremos para llevar a cabo nuestra obligaci\u00f3n de completar y gestionar la reserva.<\/li>\n<li class=\"ng-binding\">Habida cuenta de los fines de la C a la H, dependemos de los intereses leg\u00edtimos: utilizamos tus datos para nuestros intereses leg\u00edtimos, como ofrecerte el contenido m\u00e1s adecuado para la web, e-mails y newsletters, para mejorar y promocionar nuestros productos y servicios, y el contenido de nuestra web, y para la detecci\u00f3n del fraude administrativo y fines legales. Al utilizarlos para servir nuestros intereses leg\u00edtimos, pondremos siempre tus derechos e intereses en la protecci\u00f3n por encima de nuestros derechos e intereses.<\/li>\n<li class=\"ng-binding\">Respecto al fin H, dependemos tambi\u00e9n, cuando sea aplicable, de nuestra obligaci\u00f3n de cumplir con la legislaci\u00f3n aplicable.<\/li>\n<li class=\"ng-binding\">Cuando sea necesario seg\u00fan la legislaci\u00f3n aplicable, solicitaremos tu consentimiento previo para procesarlos con fines de marketing directo.<\/li>\n<\/ul>\n<p class=\"ng-binding\">Si fuera necesario seg\u00fan la legislaci\u00f3n aplicable, en Hotel Apartamentos Maria Victoria Benidorm solicitaremos tu consentimiento. Puedes retirar tu consentimiento en cualquier momento escribiendo a cualquiera de las direcciones que aparecen al final de esta Pol\u00edtica de privacidad.<\/p>\n<p class=\"ng-binding\">Si quieres oponerte al proceso establecido en los puntos C-F y no tienes ning\u00fan medio directo a tu alcance para rechazarlo (por ejemplo en la configuraci\u00f3n de tu cuenta), en la medida en que sea aplicable, ponte en contacto con reservas@apartamentosmariavictoria.com.<\/p>\n<p class=\"ng-binding\">\n<h3 class=\"ng-binding\">Seguridad en Hotel Apartamentos Maria Victoria Benidorm<\/h3>\n<p class=\"ng-binding\">Hotel Apartamentos Maria Victoria Benidorm cumple procedimientos razonables para prevenir el acceso no autorizado y el uso inapropiado de informaci\u00f3n que incluya datos personales. Utilizamos sistemas de gesti\u00f3n adecuados y procedimientos para proteger y salvaguardar la informaci\u00f3n que lo incluya. Tambi\u00e9n utilizamos procedimientos de seguridad y restricciones f\u00edsicas y t\u00e9cnicas al acceso en nuestros servidores. Solo el personal autorizado puede acceder a ellos durante su trabajo.<\/p>\n<h3 class=\"ng-binding\"><\/h3>\n<h3 class=\"ng-binding\">Retenci\u00f3n de datos<\/h3>\n<p class=\"ng-binding\">En Hotel Apartamentos Maria Victoria Benidorm retendremos tu informaci\u00f3n durante el tiempo que lo consideremos necesario para proporcionarte servicios, cumplir con la legislaci\u00f3n aplicable, resolver litigios con otras partes y por cualquier otro motivo necesario que nos permita desempe\u00f1ar nuestras actividades, incluida la detecci\u00f3n y prevenci\u00f3n del fraude u otras actividades ilegales. Estar\u00e1n sujetos a esta Pol\u00edtica de privacidad. Si tienes alguna pregunta, ponte en contacto con nosotros con los datos de contacto que se incluyen<\/p>\n<\/div>\n<p>[\/et_pb_text][\/et_pb_column][\/et_pb_row][\/et_pb_section]<\/p>\n","protected":false},"excerpt":{"rendered":"<p>POL\u00cdTICA PRIVACIDAD HOTEL APARTAMENTOS MARIA VICTORIA BENIDORM Esta Pol\u00edtica de privacidad es aplicable a Hotel apartamentos Maria Victoria en Benidorm, que pertenece y est\u00e1 gestionado por Construcciones Sedavi S.A.. Esta Pol\u00edtica de privacidad describe c\u00f3mo recopilamos y utilizamos la informaci\u00f3n, que puede incluir datos personales, que nos proporcionas en nuestra web: www.apartamentosmariavictoria.com. Tambi\u00e9n describe las [&hellip;]<\/p>\n","protected":false},"author":1,"featured_media":0,"parent":0,"menu_order":0,"comment_status":"closed","ping_status":"open","template":"","meta":{"_et_pb_use_builder":"on","_et_pb_old_content":"","_et_gb_content_width":"","inline_featured_image":false,"footnotes":""},"class_list":["post-2999","page","type-page","status-publish","hentry"],"yoast_head":"<!-- This site is optimized with the Yoast SEO plugin v26.9 - https:\/\/yoast.com\/product\/yoast-seo-wordpress\/ -->\n<title>Pol\u00edtica de privacidad - Apartamentos Maria Victoria en Benidorm<\/title>\n<meta name=\"description\" content=\"Conoce con detalle las politicas de privacidad del establecimiento Hotel Apartamentos Maria Victoria de Benidorm\" \/>\n<meta name=\"robots\" content=\"index, follow, max-snippet:-1, max-image-preview:large, max-video-preview:-1\" \/>\n<link rel=\"canonical\" href=\"https:\/\/apartamentosmariavictoria.com\/nl\/politica-de-privacidad\/\" \/>\n<meta property=\"og:locale\" content=\"nl_NL\" \/>\n<meta property=\"og:type\" content=\"article\" \/>\n<meta property=\"og:title\" content=\"Pol\u00edtica de privacidad - Apartamentos Maria Victoria en Benidorm\" \/>\n<meta property=\"og:description\" content=\"Conoce con detalle las politicas de privacidad del establecimiento Hotel Apartamentos Maria Victoria de Benidorm\" \/>\n<meta property=\"og:url\" content=\"https:\/\/apartamentosmariavictoria.com\/nl\/politica-de-privacidad\/\" \/>\n<meta property=\"og:site_name\" content=\"Apartamento Mar\u00eda Victoria\" \/>\n<meta property=\"article:publisher\" content=\"https:\/\/es-es.facebook.com\/juanferrandis77\/\" \/>\n<meta property=\"article:modified_time\" content=\"2021-03-08T10:59:28+00:00\" \/>\n<meta name=\"twitter:card\" content=\"summary_large_image\" \/>\n<meta name=\"twitter:label1\" content=\"Geschatte leestijd\" \/>\n\t<meta name=\"twitter:data1\" content=\"7 minuten\" \/>\n<script type=\"application\/ld+json\" class=\"yoast-schema-graph\">{\"@context\":\"https:\/\/schema.org\",\"@graph\":[{\"@type\":\"WebPage\",\"@id\":\"https:\/\/apartamentosmariavictoria.com\/nl\/politica-de-privacidad\/\",\"url\":\"https:\/\/apartamentosmariavictoria.com\/nl\/politica-de-privacidad\/\",\"name\":\"Pol\u00edtica de privacidad - Apartamentos Maria Victoria en Benidorm\",\"isPartOf\":{\"@id\":\"https:\/\/apartamentosmariavictoria.com\/nl\/#website\"},\"datePublished\":\"2021-03-08T10:59:24+00:00\",\"dateModified\":\"2021-03-08T10:59:28+00:00\",\"description\":\"Conoce con detalle las politicas de privacidad del establecimiento Hotel Apartamentos Maria Victoria de Benidorm\",\"breadcrumb\":{\"@id\":\"https:\/\/apartamentosmariavictoria.com\/nl\/politica-de-privacidad\/#breadcrumb\"},\"inLanguage\":\"nl-NL\",\"potentialAction\":[{\"@type\":\"ReadAction\",\"target\":[\"https:\/\/apartamentosmariavictoria.com\/nl\/politica-de-privacidad\/\"]}]},{\"@type\":\"BreadcrumbList\",\"@id\":\"https:\/\/apartamentosmariavictoria.com\/nl\/politica-de-privacidad\/#breadcrumb\",\"itemListElement\":[{\"@type\":\"ListItem\",\"position\":1,\"name\":\"Portada\",\"item\":\"https:\/\/apartamentosmariavictoria.com\/nl\/\"},{\"@type\":\"ListItem\",\"position\":2,\"name\":\"Pol\u00edtica de privacidad\"}]},{\"@type\":\"WebSite\",\"@id\":\"https:\/\/apartamentosmariavictoria.com\/nl\/#website\",\"url\":\"https:\/\/apartamentosmariavictoria.com\/nl\/\",\"name\":\"Apartamento Mar\u00eda Victoria en Benidorm\",\"description\":\"Hotel Apartamentos Mar\u00eda Victoria en Benidorm\",\"publisher\":{\"@id\":\"https:\/\/apartamentosmariavictoria.com\/nl\/#organization\"},\"potentialAction\":[{\"@type\":\"SearchAction\",\"target\":{\"@type\":\"EntryPoint\",\"urlTemplate\":\"https:\/\/apartamentosmariavictoria.com\/nl\/?s={search_term_string}\"},\"query-input\":{\"@type\":\"PropertyValueSpecification\",\"valueRequired\":true,\"valueName\":\"search_term_string\"}}],\"inLanguage\":\"nl-NL\"},{\"@type\":\"Organization\",\"@id\":\"https:\/\/apartamentosmariavictoria.com\/nl\/#organization\",\"name\":\"Apartamentos Mar\u00eda Victoria\",\"url\":\"https:\/\/apartamentosmariavictoria.com\/nl\/\",\"logo\":{\"@type\":\"ImageObject\",\"inLanguage\":\"nl-NL\",\"@id\":\"https:\/\/apartamentosmariavictoria.com\/nl\/#\/schema\/logo\/image\/\",\"url\":\"https:\/\/apartamentosmariavictoria.com\/wp-content\/uploads\/2021\/02\/logo-apartamentos-mariavictoria.jpg\",\"contentUrl\":\"https:\/\/apartamentosmariavictoria.com\/wp-content\/uploads\/2021\/02\/logo-apartamentos-mariavictoria.jpg\",\"width\":400,\"height\":181,\"caption\":\"Apartamentos Mar\u00eda Victoria\"},\"image\":{\"@id\":\"https:\/\/apartamentosmariavictoria.com\/nl\/#\/schema\/logo\/image\/\"},\"sameAs\":[\"https:\/\/es-es.facebook.com\/juanferrandis77\/\"]}]}<\/script>\n<!-- \/ Yoast SEO plugin. -->","yoast_head_json":{"title":"Pol\u00edtica de privacidad - Apartamentos Maria Victoria en Benidorm","description":"Conoce con detalle las politicas de privacidad del establecimiento Hotel Apartamentos Maria Victoria de Benidorm","robots":{"index":"index","follow":"follow","max-snippet":"max-snippet:-1","max-image-preview":"max-image-preview:large","max-video-preview":"max-video-preview:-1"},"canonical":"https:\/\/apartamentosmariavictoria.com\/nl\/politica-de-privacidad\/","og_locale":"nl_NL","og_type":"article","og_title":"Pol\u00edtica de privacidad - Apartamentos Maria Victoria en Benidorm","og_description":"Conoce con detalle las politicas de privacidad del establecimiento Hotel Apartamentos Maria Victoria de Benidorm","og_url":"https:\/\/apartamentosmariavictoria.com\/nl\/politica-de-privacidad\/","og_site_name":"Apartamento Mar\u00eda Victoria","article_publisher":"https:\/\/es-es.facebook.com\/juanferrandis77\/","article_modified_time":"2021-03-08T10:59:28+00:00","twitter_card":"summary_large_image","twitter_misc":{"Geschatte leestijd":"7 minuten"},"schema":{"@context":"https:\/\/schema.org","@graph":[{"@type":"WebPage","@id":"https:\/\/apartamentosmariavictoria.com\/nl\/politica-de-privacidad\/","url":"https:\/\/apartamentosmariavictoria.com\/nl\/politica-de-privacidad\/","name":"Pol\u00edtica de privacidad - Apartamentos Maria Victoria en Benidorm","isPartOf":{"@id":"https:\/\/apartamentosmariavictoria.com\/nl\/#website"},"datePublished":"2021-03-08T10:59:24+00:00","dateModified":"2021-03-08T10:59:28+00:00","description":"Conoce con detalle las politicas de privacidad del establecimiento Hotel Apartamentos Maria Victoria de Benidorm","breadcrumb":{"@id":"https:\/\/apartamentosmariavictoria.com\/nl\/politica-de-privacidad\/#breadcrumb"},"inLanguage":"nl-NL","potentialAction":[{"@type":"ReadAction","target":["https:\/\/apartamentosmariavictoria.com\/nl\/politica-de-privacidad\/"]}]},{"@type":"BreadcrumbList","@id":"https:\/\/apartamentosmariavictoria.com\/nl\/politica-de-privacidad\/#breadcrumb","itemListElement":[{"@type":"ListItem","position":1,"name":"Portada","item":"https:\/\/apartamentosmariavictoria.com\/nl\/"},{"@type":"ListItem","position":2,"name":"Pol\u00edtica de privacidad"}]},{"@type":"WebSite","@id":"https:\/\/apartamentosmariavictoria.com\/nl\/#website","url":"https:\/\/apartamentosmariavictoria.com\/nl\/","name":"Apartamento Mar\u00eda Victoria en Benidorm","description":"Hotel Apartamentos Mar\u00eda Victoria en Benidorm","publisher":{"@id":"https:\/\/apartamentosmariavictoria.com\/nl\/#organization"},"potentialAction":[{"@type":"SearchAction","target":{"@type":"EntryPoint","urlTemplate":"https:\/\/apartamentosmariavictoria.com\/nl\/?s={search_term_string}"},"query-input":{"@type":"PropertyValueSpecification","valueRequired":true,"valueName":"search_term_string"}}],"inLanguage":"nl-NL"},{"@type":"Organization","@id":"https:\/\/apartamentosmariavictoria.com\/nl\/#organization","name":"Apartamentos Mar\u00eda Victoria","url":"https:\/\/apartamentosmariavictoria.com\/nl\/","logo":{"@type":"ImageObject","inLanguage":"nl-NL","@id":"https:\/\/apartamentosmariavictoria.com\/nl\/#\/schema\/logo\/image\/","url":"https:\/\/apartamentosmariavictoria.com\/wp-content\/uploads\/2021\/02\/logo-apartamentos-mariavictoria.jpg","contentUrl":"https:\/\/apartamentosmariavictoria.com\/wp-content\/uploads\/2021\/02\/logo-apartamentos-mariavictoria.jpg","width":400,"height":181,"caption":"Apartamentos Mar\u00eda Victoria"},"image":{"@id":"https:\/\/apartamentosmariavictoria.com\/nl\/#\/schema\/logo\/image\/"},"sameAs":["https:\/\/es-es.facebook.com\/juanferrandis77\/"]}]}},"_links":{"self":[{"href":"https:\/\/apartamentosmariavictoria.com\/nl\/wp-json\/wp\/v2\/pages\/2999","targetHints":{"allow":["GET"]}}],"collection":[{"href":"https:\/\/apartamentosmariavictoria.com\/nl\/wp-json\/wp\/v2\/pages"}],"about":[{"href":"https:\/\/apartamentosmariavictoria.com\/nl\/wp-json\/wp\/v2\/types\/page"}],"author":[{"embeddable":true,"href":"https:\/\/apartamentosmariavictoria.com\/nl\/wp-json\/wp\/v2\/users\/1"}],"replies":[{"embeddable":true,"href":"https:\/\/apartamentosmariavictoria.com\/nl\/wp-json\/wp\/v2\/comments?post=2999"}],"version-history":[{"count":2,"href":"https:\/\/apartamentosmariavictoria.com\/nl\/wp-json\/wp\/v2\/pages\/2999\/revisions"}],"predecessor-version":[{"id":3003,"href":"https:\/\/apartamentosmariavictoria.com\/nl\/wp-json\/wp\/v2\/pages\/2999\/revisions\/3003"}],"wp:attachment":[{"href":"https:\/\/apartamentosmariavictoria.com\/nl\/wp-json\/wp\/v2\/media?parent=2999"}],"curies":[{"name":"wp","href":"https:\/\/api.w.org\/{rel}","templated":true}]}}