{"id":3005,"date":"2021-03-08T12:01:33","date_gmt":"2021-03-08T12:01:33","guid":{"rendered":"https:\/\/www.apartamentosmariavictoria.com\/politique-de-cookies\/"},"modified":"2021-03-08T12:01:37","modified_gmt":"2021-03-08T12:01:37","slug":"politique-de-cookies","status":"publish","type":"page","link":"https:\/\/apartamentosmariavictoria.com\/fr\/politique-de-cookies\/","title":{"rendered":"Politique de cookies"},"content":{"rendered":"<p>[et_pb_section fb_built=\u00a0\u00bb1&Prime; _builder_version=\u00a0\u00bb3.22&Prime;][et_pb_row _builder_version=\u00a0\u00bb4.8.2&Prime; background_size=\u00a0\u00bbinitial\u00a0\u00bb background_position=\u00a0\u00bbtop_left\u00a0\u00bb background_repeat=\u00a0\u00bbrepeat\u00a0\u00bb custom_margin=\u00a0\u00bb150px||||false|false\u00a0\u00bb custom_margin_tablet=\u00a0\u00bb\u00a0\u00bb custom_margin_phone=\u00a0\u00bb100px||||false|false\u00a0\u00bb custom_margin_last_edited=\u00a0\u00bbon|phone\u00a0\u00bb][et_pb_column type=\u00a0\u00bb4_4&Prime; _builder_version=\u00a0\u00bb3.25&Prime; custom_padding=\u00a0\u00bb|||\u00a0\u00bb custom_padding__hover=\u00a0\u00bb|||\u00a0\u00bb][et_pb_text admin_label=\u00a0\u00bbT\u00cdTULO\u00a0\u00bb _builder_version=\u00a0\u00bb4.8.2&Prime; _module_preset=\u00a0\u00bbdefault\u00a0\u00bb hover_enabled=\u00a0\u00bb0&Prime; locked=\u00a0\u00bboff\u00a0\u00bb sticky_enabled=\u00a0\u00bb0&Prime;]<\/p>\n<h1 style=\"text-align: center;\">POLITIQUE DE COOKIES HOTEL APARTAMENTOS MARIA VICTORIA BENIDORM<\/h1>\n<p>[\/et_pb_text][et_pb_text _builder_version=\u00a0\u00bb4.7.6&Prime; header_2_font_size=\u00a0\u00bb25px\u00a0\u00bb background_size=\u00a0\u00bbinitial\u00a0\u00bb background_position=\u00a0\u00bbtop_left\u00a0\u00bb background_repeat=\u00a0\u00bbrepeat\u00a0\u00bb]<\/p>\n<h2><b>1. D\u00e9finition et fonction des cookies \u00e0 l&rsquo;h\u00f4tel Apartamentos Maria Victoria<\/b><\/h2>\n<p><span style=\"font-weight: 400;\">Que sont les cookies? Il s&rsquo;agit d&rsquo;un fichier qui est t\u00e9l\u00e9charg\u00e9 sur votre ordinateur lorsque vous acc\u00e9dez \u00e0 certaines pages Web. Ils permettent entre autres \u00e0 une page Web de stocker et de r\u00e9cup\u00e9rer des informations sur les habitudes de navigation d&rsquo;un utilisateur ou de son \u00e9quipement et, en fonction des informations qu&rsquo;ils contiennent et de la mani\u00e8re dont ils utilisent leur \u00e9quipement, ils peuvent \u00eatre utilis\u00e9s pour reconna\u00eetre l&rsquo;utilisateur. .<\/span><\/p>\n<h2><b>2. Quels types cette page www.apartamentosmariavictoria.com utilise-t-elle?<\/b><\/h2>\n<p><span style=\"font-weight: 400;\">Propres: ce sont ceux qui sont envoy\u00e9s \u00e0 l&rsquo;\u00e9quipement terminal de l&rsquo;utilisateur \u00e0 partir d&rsquo;un ordinateur ou d&rsquo;un domaine g\u00e9r\u00e9 par l&rsquo;\u00e9diteur lui-m\u00eame et \u00e0 partir duquel le service demand\u00e9 par l&rsquo;utilisateur est fourni.<\/span><\/p>\n<p><span style=\"font-weight: 400;\">Session: il s&rsquo;agit d&rsquo;un type con\u00e7u pour collecter et stocker des donn\u00e9es pendant que l&rsquo;utilisateur acc\u00e8de \u00e0 une page Web.<\/span><\/p>\n<p><span style=\"font-weight: 400;\">Persistant: il s&rsquo;agit d&rsquo;un type dans lequel les donn\u00e9es sont toujours stock\u00e9es dans le terminal et peuvent \u00eatre consult\u00e9es et trait\u00e9es pendant une p\u00e9riode d\u00e9finie par le responsable, qui peut aller de quelques minutes \u00e0 plusieurs ann\u00e9es.<\/span><\/p>\n<p><span style=\"font-weight: 400;\">Analyse: Ce sont ceux qui sont bien trait\u00e9s par nous ou par des tiers, nous permettent de quantifier le nombre d&rsquo;utilisateurs et ainsi de r\u00e9aliser la mesure statistique et l&rsquo;analyse de l&rsquo;utilisation que les utilisateurs font du service propos\u00e9.<\/span><\/p>\n<h2><b>3. R\u00e9vocation et \u00e9limination des cookies \u00e0 l&rsquo;h\u00f4tel Apartamentos Maria Victoria Benidorm<\/b><\/h2>\n<p><span style=\"font-weight: 400;\">Vous pouvez autoriser, bloquer ou \u00e9liminer les cookies install\u00e9s sur votre ordinateur en configurant les options de navigateur install\u00e9es sur votre ordinateur, dans le cas o\u00f9 vous n&rsquo;autorisez pas l&rsquo;installation sur votre navigateur, vous ne pourrez peut-\u00eatre pas acc\u00e9der \u00e0 l&rsquo;une des sections de notre site Web.<\/span><\/p>\n<ul>\n<li style=\"font-weight: 400;\"><span style=\"font-weight: 400;\">Plus d&rsquo;informations sur la fa\u00e7on de les g\u00e9rer dans<\/span><a href=\"https:\/\/support.google.com\/chrome\/answer\/95647?co=GENIE.Platform%3DDesktop&amp;hl=es\"><span style=\"font-weight: 400;\">Google Chrome<\/span><\/a><\/li>\n<li style=\"font-weight: 400;\"><span style=\"font-weight: 400;\">Plus d&rsquo;informations sur la fa\u00e7on de les g\u00e9rer dans<\/span><a href=\"https:\/\/support.microsoft.com\/es-es\/help\/17442\/windows-internet-explorer-delete-manage-cookies\"><span style=\"font-weight: 400;\"> Internet Explorer<\/span><\/a><\/li>\n<li style=\"font-weight: 400;\"><span style=\"font-weight: 400;\">Plus d&rsquo;informations sur la fa\u00e7on de les g\u00e9rer dans<\/span><a href=\"https:\/\/support.mozilla.org\/es\/kb\/cookies-informacion-que-los-sitios-web-guardan-en-\"><span style=\"font-weight: 400;\">Mozilla Firefox<\/span><\/a><\/li>\n<li style=\"font-weight: 400;\"><span style=\"font-weight: 400;\">Plus d&rsquo;informations sur la fa\u00e7on de les g\u00e9rer dans<\/span><a href=\"https:\/\/support.apple.com\/es-es\/guide\/safari\/sfri11471\/mac\"><span style=\"font-weight: 400;\">Safari<\/span><\/a><\/li>\n<li style=\"font-weight: 400;\"><span style=\"font-weight: 400;\">Plus d&rsquo;informations sur la fa\u00e7on de les g\u00e9rer dans<\/span><a href=\"https:\/\/help.opera.com\/en\/latest\/web-preferences\/\"><span style=\"font-weight: 400;\">\u00d3pera<\/span><\/a><\/li>\n<\/ul>\n<h2><b>4. Consentement pour l&rsquo;h\u00f4tel Apartamentos Maria Victoria Benidorm<\/b><\/h2>\n<p><span style=\"font-weight: 400;\">Al navegar y continuar en nuestra web nos indicas que est\u00e1s consintiendo su uso en el siguiente apartado, y en las condiciones contenidas en la presente Pol\u00edtica de Cookies.<\/span><\/p>\n<h2><b>5. Liste<br \/><\/b><\/h2>\n<p><span style=\"font-weight: 400;\"><\/span><\/p>\n<table width=\"728\">\n<tbody>\n<tr>\n<td width=\"132\"><strong>Nom<\/strong><\/td>\n<td width=\"198\"><strong>But<\/strong><\/td>\n<td width=\"85\"><strong>Propres \/ tiers<\/strong><\/td>\n<td width=\"312\"><strong>Exclus \/ Non Exclus (du devoir d&rsquo;information et de consentement)<\/strong><\/td>\n<\/tr>\n<tr>\n<td width=\"132\">__utma<\/td>\n<td width=\"198\">Ils sont utilis\u00e9s par Google Analytics pour stocker des donn\u00e9es statistiques. <a href=\"https:\/\/developers.google.com\/analytics\/devguides\/collection\/analyticsjs\/cookie-usage?hl=es#gajs\" data-et-has-event-already=\"true\">Plus d&rsquo;informations<\/a><\/td>\n<td width=\"85\">Tiers Google Inc<\/td>\n<td width=\"312\">Non exclu<\/td>\n<\/tr>\n<tr>\n<td width=\"132\">__utmb<\/td>\n<td width=\"198\">Ils sont utilis\u00e9s par Google Analytics pour stocker des donn\u00e9es statistiques. <a href=\"https:\/\/developers.google.com\/analytics\/devguides\/collection\/analyticsjs\/cookie-usage?hl=es#gajs\" data-et-has-event-already=\"true\">Plus d&rsquo;informations<\/a><\/td>\n<td width=\"85\">Tiers Google Inc<\/td>\n<td width=\"312\">Non exclu<\/td>\n<\/tr>\n<tr>\n<td width=\"132\">__utmc<\/td>\n<td width=\"198\">Ils sont utilis\u00e9s par Google Analytics pour stocker des donn\u00e9es statistiques. <a href=\"https:\/\/developers.google.com\/analytics\/devguides\/collection\/analyticsjs\/cookie-usage?hl=es#gajs\" data-et-has-event-already=\"true\">Plus d&rsquo;informations<\/a><\/td>\n<td width=\"85\">Tiers Google Inc<\/td>\n<td width=\"312\">Non exclu<\/td>\n<\/tr>\n<tr>\n<td width=\"132\">__utmt<\/td>\n<td width=\"198\">Ils sont utilis\u00e9s par Google Analytics pour stocker des donn\u00e9es statistiques. <a href=\"https:\/\/developers.google.com\/analytics\/devguides\/collection\/analyticsjs\/cookie-usage?hl=es#gajs\" data-et-has-event-already=\"true\">Plus d&rsquo;informations<\/a><\/td>\n<td width=\"85\">Tiers Google Inc<\/td>\n<td width=\"312\">Non exclu<\/td>\n<\/tr>\n<tr>\n<td width=\"132\">__utmz<\/td>\n<td width=\"198\">Ils sont utilis\u00e9s par Google Analytics pour stocker des donn\u00e9es statistiques. <a href=\"https:\/\/developers.google.com\/analytics\/devguides\/collection\/analyticsjs\/cookie-usage?hl=es#gajs\" data-et-has-event-already=\"true\">Plus d&rsquo;informations<\/a><\/td>\n<td width=\"85\">Tiers Google Inc<\/td>\n<td width=\"312\">Non exclu<\/td>\n<\/tr>\n<tr>\n<td width=\"132\">Cookie_notice_accepted<\/td>\n<td width=\"198\">N&rsquo;oubliez pas si le message d&rsquo;avertissement concernant les cookies a \u00e9t\u00e9 accept\u00e9 pour ne plus l&rsquo;afficher pendant le temps o\u00f9 il est actif.<\/td>\n<td width=\"85\">Propre<\/td>\n<td width=\"312\">N\u00e9cessaire<\/td>\n<\/tr>\n<tr>\n<td width=\"132\">et-saved-post-241-fb<\/td>\n<td width=\"198\">Ils sont utilis\u00e9s par Facebook pour stocker des donn\u00e9es statistiques. <a href=\"https:\/\/developers.google.com\/analytics\/devguides\/collection\/analyticsjs\/cookie-usage?hl=es#gajs\" data-et-has-event-already=\"true\">Plus d&rsquo;informations<\/a><\/td>\n<td width=\"85\">Facebook<\/td>\n<td width=\"312\">Non exclu<\/td>\n<\/tr>\n<tr>\n<td width=\"132\">woocommerce_cart_hash<\/td>\n<td width=\"198\">Cela aide WooCommerce \u00e0 d\u00e9terminer quand le contenu \/ les donn\u00e9es du panier changent.<\/td>\n<td width=\"85\">Session<\/td>\n<td width=\"312\">N\u00e9cessaire<\/td>\n<\/tr>\n<tr>\n<td width=\"132\">woocommerce_items_in_cart<\/td>\n<td width=\"198\">Cela aide WooCommerce \u00e0 d\u00e9terminer quand le contenu \/ les donn\u00e9es du panier changent.<\/td>\n<td width=\"85\">Session<\/td>\n<td width=\"312\">N\u00e9cessaire<\/td>\n<\/tr>\n<tr>\n<td width=\"132\">wp_woocommerce_session_<\/td>\n<td width=\"198\">Il contient un code unique pour chaque client afin que vous sachiez o\u00f9 trouver les donn\u00e9es du panier dans la base de donn\u00e9es pour chaque client.<\/td>\n<td width=\"85\">Session<\/td>\n<td width=\"312\">N\u00e9cessaire<\/td>\n<\/tr>\n<tr>\n<td width=\"132\">woocommerce_recently_viewed<\/td>\n<td width=\"198\">Nourrissez le widget <a href=\"https:\/\/docs.woocommerce.com\/document\/woocommerce-widgets\/\"><strong>Produits consult\u00e9s r\u00e9cemment<\/strong><\/a> .<\/td>\n<td width=\"85\">Session<\/td>\n<td width=\"312\">N\u00e9cessaire<\/td>\n<\/tr>\n<tr>\n<td width=\"132\">store_notice[notice id]<\/td>\n<td width=\"198\">Permet aux clients de rejeter <a href=\"https:\/\/docs.woocommerce.com\/document\/woocommerce-customizer\/#section-2\" data-et-has-event-already=\"true\"><strong>l&rsquo;avis de<\/strong><\/a> <a href=\"https:\/\/docs.woocommerce.com\/document\/woocommerce-customizer\/#section-2\" data-et-has-event-already=\"true\"><strong>magasin<\/strong><\/a><\/td>\n<td width=\"85\">Session<\/td>\n<td width=\"312\">N\u00e9cessaire<\/td>\n<\/tr>\n<tr>\n<td width=\"132\">woodmart_compare_list<\/td>\n<td width=\"198\">Herramienta de comparaci\u00f3n para comparar productos<\/td>\n<td width=\"85\">Session<\/td>\n<td width=\"312\">Fonctionnalit\u00e9<\/td>\n<\/tr>\n<tr>\n<td width=\"132\">woodmart_cookies_1<\/td>\n<td width=\"198\">L&rsquo;utilisateur peut choisir de fermer la banni\u00e8re des cookies<\/td>\n<td width=\"85\">Session (2 mois)<\/td>\n<td width=\"312\">N\u00e9cessaire<\/td>\n<\/tr>\n<tr>\n<td width=\"132\">woodmart_cookies<\/td>\n<td width=\"198\">El usuario puede elegir cerrar el banner emergente de publicidad<\/td>\n<td width=\"85\">Session<\/td>\n<td width=\"312\">N\u00e9cessaire<\/td>\n<\/tr>\n<\/tbody>\n<\/table>\n<p>&nbsp;<\/p>\n<p>[\/et_pb_text][\/et_pb_column][\/et_pb_row][\/et_pb_section]<\/p>\n","protected":false},"excerpt":{"rendered":"<p>POLITIQUE DE COOKIES HOTEL APARTAMENTOS MARIA VICTORIA BENIDORM1. D\u00e9finition et fonction des cookies \u00e0 l&rsquo;h\u00f4tel Apartamentos Maria Victoria Que sont les cookies? Il s&rsquo;agit d&rsquo;un fichier qui est t\u00e9l\u00e9charg\u00e9 sur votre ordinateur lorsque vous acc\u00e9dez \u00e0 certaines pages Web. Ils permettent entre autres \u00e0 une page Web de stocker et de r\u00e9cup\u00e9rer des informations sur [&hellip;]<\/p>\n","protected":false},"author":1,"featured_media":0,"parent":0,"menu_order":0,"comment_status":"closed","ping_status":"closed","template":"","meta":{"_et_pb_use_builder":"on","_et_pb_old_content":"","_et_gb_content_width":"","inline_featured_image":false,"footnotes":""},"class_list":["post-3005","page","type-page","status-publish","hentry"],"yoast_head":"<!-- This site is optimized with the Yoast SEO plugin v26.9 - https:\/\/yoast.com\/product\/yoast-seo-wordpress\/ -->\n<title>Politique de cookies - H\u00f4tel Apartamentos Maria Victoria \u00e0 Benidorm<\/title>\n<meta name=\"description\" content=\"Renseignez-vous sur l&#039;utilisation et la politique des cookies dans l&#039;\u00e9tablissement Hotel Apartamentos Maria Victoria de Benidorm - H\u00f4tel \u00e0 Benidorm. Playa de Levante\" \/>\n<meta name=\"robots\" content=\"index, follow, max-snippet:-1, max-image-preview:large, max-video-preview:-1\" \/>\n<link rel=\"canonical\" href=\"https:\/\/apartamentosmariavictoria.com\/fr\/politique-de-cookies\/\" \/>\n<meta property=\"og:locale\" content=\"fr_FR\" \/>\n<meta property=\"og:type\" content=\"article\" \/>\n<meta property=\"og:title\" content=\"Politique de cookies - H\u00f4tel Apartamentos Maria Victoria \u00e0 Benidorm\" \/>\n<meta property=\"og:description\" content=\"Renseignez-vous sur l&#039;utilisation et la politique des cookies dans l&#039;\u00e9tablissement Hotel Apartamentos Maria Victoria de Benidorm - H\u00f4tel \u00e0 Benidorm. Playa de Levante\" \/>\n<meta property=\"og:url\" content=\"https:\/\/apartamentosmariavictoria.com\/fr\/politique-de-cookies\/\" \/>\n<meta property=\"og:site_name\" content=\"Apartamento Mar\u00eda Victoria\" \/>\n<meta property=\"article:publisher\" content=\"https:\/\/es-es.facebook.com\/juanferrandis77\/\" \/>\n<meta property=\"article:modified_time\" content=\"2021-03-08T12:01:37+00:00\" \/>\n<meta name=\"twitter:card\" content=\"summary_large_image\" \/>\n<meta name=\"twitter:label1\" content=\"Dur\u00e9e de lecture estim\u00e9e\" \/>\n\t<meta name=\"twitter:data1\" content=\"4 minutes\" \/>\n<script type=\"application\/ld+json\" class=\"yoast-schema-graph\">{\"@context\":\"https:\/\/schema.org\",\"@graph\":[{\"@type\":\"WebPage\",\"@id\":\"https:\/\/apartamentosmariavictoria.com\/fr\/politique-de-cookies\/\",\"url\":\"https:\/\/apartamentosmariavictoria.com\/fr\/politique-de-cookies\/\",\"name\":\"Politique de cookies - H\u00f4tel Apartamentos Maria Victoria \u00e0 Benidorm\",\"isPartOf\":{\"@id\":\"https:\/\/apartamentosmariavictoria.com\/fr\/#website\"},\"datePublished\":\"2021-03-08T12:01:33+00:00\",\"dateModified\":\"2021-03-08T12:01:37+00:00\",\"description\":\"Renseignez-vous sur l'utilisation et la politique des cookies dans l'\u00e9tablissement Hotel Apartamentos Maria Victoria de Benidorm - H\u00f4tel \u00e0 Benidorm. Playa de Levante\",\"breadcrumb\":{\"@id\":\"https:\/\/apartamentosmariavictoria.com\/fr\/politique-de-cookies\/#breadcrumb\"},\"inLanguage\":\"fr-FR\",\"potentialAction\":[{\"@type\":\"ReadAction\",\"target\":[\"https:\/\/apartamentosmariavictoria.com\/fr\/politique-de-cookies\/\"]}]},{\"@type\":\"BreadcrumbList\",\"@id\":\"https:\/\/apartamentosmariavictoria.com\/fr\/politique-de-cookies\/#breadcrumb\",\"itemListElement\":[{\"@type\":\"ListItem\",\"position\":1,\"name\":\"Portada\",\"item\":\"https:\/\/apartamentosmariavictoria.com\/fr\/\"},{\"@type\":\"ListItem\",\"position\":2,\"name\":\"Politique de cookies\"}]},{\"@type\":\"WebSite\",\"@id\":\"https:\/\/apartamentosmariavictoria.com\/fr\/#website\",\"url\":\"https:\/\/apartamentosmariavictoria.com\/fr\/\",\"name\":\"Apartamento Mar\u00eda Victoria en Benidorm\",\"description\":\"Hotel Apartamentos Mar\u00eda Victoria en Benidorm\",\"publisher\":{\"@id\":\"https:\/\/apartamentosmariavictoria.com\/fr\/#organization\"},\"potentialAction\":[{\"@type\":\"SearchAction\",\"target\":{\"@type\":\"EntryPoint\",\"urlTemplate\":\"https:\/\/apartamentosmariavictoria.com\/fr\/?s={search_term_string}\"},\"query-input\":{\"@type\":\"PropertyValueSpecification\",\"valueRequired\":true,\"valueName\":\"search_term_string\"}}],\"inLanguage\":\"fr-FR\"},{\"@type\":\"Organization\",\"@id\":\"https:\/\/apartamentosmariavictoria.com\/fr\/#organization\",\"name\":\"Apartamentos Mar\u00eda Victoria\",\"url\":\"https:\/\/apartamentosmariavictoria.com\/fr\/\",\"logo\":{\"@type\":\"ImageObject\",\"inLanguage\":\"fr-FR\",\"@id\":\"https:\/\/apartamentosmariavictoria.com\/fr\/#\/schema\/logo\/image\/\",\"url\":\"https:\/\/apartamentosmariavictoria.com\/wp-content\/uploads\/2021\/02\/logo-apartamentos-mariavictoria.jpg\",\"contentUrl\":\"https:\/\/apartamentosmariavictoria.com\/wp-content\/uploads\/2021\/02\/logo-apartamentos-mariavictoria.jpg\",\"width\":400,\"height\":181,\"caption\":\"Apartamentos Mar\u00eda Victoria\"},\"image\":{\"@id\":\"https:\/\/apartamentosmariavictoria.com\/fr\/#\/schema\/logo\/image\/\"},\"sameAs\":[\"https:\/\/es-es.facebook.com\/juanferrandis77\/\"]}]}<\/script>\n<!-- \/ Yoast SEO plugin. -->","yoast_head_json":{"title":"Politique de cookies - H\u00f4tel Apartamentos Maria Victoria \u00e0 Benidorm","description":"Renseignez-vous sur l'utilisation et la politique des cookies dans l'\u00e9tablissement Hotel Apartamentos Maria Victoria de Benidorm - H\u00f4tel \u00e0 Benidorm. Playa de Levante","robots":{"index":"index","follow":"follow","max-snippet":"max-snippet:-1","max-image-preview":"max-image-preview:large","max-video-preview":"max-video-preview:-1"},"canonical":"https:\/\/apartamentosmariavictoria.com\/fr\/politique-de-cookies\/","og_locale":"fr_FR","og_type":"article","og_title":"Politique de cookies - H\u00f4tel Apartamentos Maria Victoria \u00e0 Benidorm","og_description":"Renseignez-vous sur l'utilisation et la politique des cookies dans l'\u00e9tablissement Hotel Apartamentos Maria Victoria de Benidorm - H\u00f4tel \u00e0 Benidorm. Playa de Levante","og_url":"https:\/\/apartamentosmariavictoria.com\/fr\/politique-de-cookies\/","og_site_name":"Apartamento Mar\u00eda Victoria","article_publisher":"https:\/\/es-es.facebook.com\/juanferrandis77\/","article_modified_time":"2021-03-08T12:01:37+00:00","twitter_card":"summary_large_image","twitter_misc":{"Dur\u00e9e de lecture estim\u00e9e":"4 minutes"},"schema":{"@context":"https:\/\/schema.org","@graph":[{"@type":"WebPage","@id":"https:\/\/apartamentosmariavictoria.com\/fr\/politique-de-cookies\/","url":"https:\/\/apartamentosmariavictoria.com\/fr\/politique-de-cookies\/","name":"Politique de cookies - H\u00f4tel Apartamentos Maria Victoria \u00e0 Benidorm","isPartOf":{"@id":"https:\/\/apartamentosmariavictoria.com\/fr\/#website"},"datePublished":"2021-03-08T12:01:33+00:00","dateModified":"2021-03-08T12:01:37+00:00","description":"Renseignez-vous sur l'utilisation et la politique des cookies dans l'\u00e9tablissement Hotel Apartamentos Maria Victoria de Benidorm - H\u00f4tel \u00e0 Benidorm. Playa de Levante","breadcrumb":{"@id":"https:\/\/apartamentosmariavictoria.com\/fr\/politique-de-cookies\/#breadcrumb"},"inLanguage":"fr-FR","potentialAction":[{"@type":"ReadAction","target":["https:\/\/apartamentosmariavictoria.com\/fr\/politique-de-cookies\/"]}]},{"@type":"BreadcrumbList","@id":"https:\/\/apartamentosmariavictoria.com\/fr\/politique-de-cookies\/#breadcrumb","itemListElement":[{"@type":"ListItem","position":1,"name":"Portada","item":"https:\/\/apartamentosmariavictoria.com\/fr\/"},{"@type":"ListItem","position":2,"name":"Politique de cookies"}]},{"@type":"WebSite","@id":"https:\/\/apartamentosmariavictoria.com\/fr\/#website","url":"https:\/\/apartamentosmariavictoria.com\/fr\/","name":"Apartamento Mar\u00eda Victoria en Benidorm","description":"Hotel Apartamentos Mar\u00eda Victoria en Benidorm","publisher":{"@id":"https:\/\/apartamentosmariavictoria.com\/fr\/#organization"},"potentialAction":[{"@type":"SearchAction","target":{"@type":"EntryPoint","urlTemplate":"https:\/\/apartamentosmariavictoria.com\/fr\/?s={search_term_string}"},"query-input":{"@type":"PropertyValueSpecification","valueRequired":true,"valueName":"search_term_string"}}],"inLanguage":"fr-FR"},{"@type":"Organization","@id":"https:\/\/apartamentosmariavictoria.com\/fr\/#organization","name":"Apartamentos Mar\u00eda Victoria","url":"https:\/\/apartamentosmariavictoria.com\/fr\/","logo":{"@type":"ImageObject","inLanguage":"fr-FR","@id":"https:\/\/apartamentosmariavictoria.com\/fr\/#\/schema\/logo\/image\/","url":"https:\/\/apartamentosmariavictoria.com\/wp-content\/uploads\/2021\/02\/logo-apartamentos-mariavictoria.jpg","contentUrl":"https:\/\/apartamentosmariavictoria.com\/wp-content\/uploads\/2021\/02\/logo-apartamentos-mariavictoria.jpg","width":400,"height":181,"caption":"Apartamentos Mar\u00eda Victoria"},"image":{"@id":"https:\/\/apartamentosmariavictoria.com\/fr\/#\/schema\/logo\/image\/"},"sameAs":["https:\/\/es-es.facebook.com\/juanferrandis77\/"]}]}},"_links":{"self":[{"href":"https:\/\/apartamentosmariavictoria.com\/fr\/wp-json\/wp\/v2\/pages\/3005","targetHints":{"allow":["GET"]}}],"collection":[{"href":"https:\/\/apartamentosmariavictoria.com\/fr\/wp-json\/wp\/v2\/pages"}],"about":[{"href":"https:\/\/apartamentosmariavictoria.com\/fr\/wp-json\/wp\/v2\/types\/page"}],"author":[{"embeddable":true,"href":"https:\/\/apartamentosmariavictoria.com\/fr\/wp-json\/wp\/v2\/users\/1"}],"replies":[{"embeddable":true,"href":"https:\/\/apartamentosmariavictoria.com\/fr\/wp-json\/wp\/v2\/comments?post=3005"}],"version-history":[{"count":2,"href":"https:\/\/apartamentosmariavictoria.com\/fr\/wp-json\/wp\/v2\/pages\/3005\/revisions"}],"predecessor-version":[{"id":3007,"href":"https:\/\/apartamentosmariavictoria.com\/fr\/wp-json\/wp\/v2\/pages\/3005\/revisions\/3007"}],"wp:attachment":[{"href":"https:\/\/apartamentosmariavictoria.com\/fr\/wp-json\/wp\/v2\/media?parent=3005"}],"curies":[{"name":"wp","href":"https:\/\/api.w.org\/{rel}","templated":true}]}}