{"id":2977,"date":"2021-03-08T10:50:39","date_gmt":"2021-03-08T10:50:39","guid":{"rendered":"https:\/\/www.apartamentosmariavictoria.com\/politique-de-confidentialite\/"},"modified":"2021-03-08T10:50:42","modified_gmt":"2021-03-08T10:50:42","slug":"politique-de-confidentialite","status":"publish","type":"page","link":"https:\/\/apartamentosmariavictoria.com\/fr\/politique-de-confidentialite\/","title":{"rendered":"Politique de confidentialit\u00e9"},"content":{"rendered":"<p>[et_pb_section fb_built=\u00a0\u00bb1&Prime; _builder_version=\u00a0\u00bb3.22&Prime;][et_pb_row _builder_version=\u00a0\u00bb4.8.2&Prime; background_size=\u00a0\u00bbinitial\u00a0\u00bb background_position=\u00a0\u00bbtop_left\u00a0\u00bb background_repeat=\u00a0\u00bbrepeat\u00a0\u00bb custom_margin=\u00a0\u00bb150px||||false|false\u00a0\u00bb custom_margin_tablet=\u00a0\u00bb\u00a0\u00bb custom_margin_phone=\u00a0\u00bb100px||||false|false\u00a0\u00bb custom_margin_last_edited=\u00a0\u00bbon|phone\u00a0\u00bb][et_pb_column type=\u00a0\u00bb4_4&Prime; _builder_version=\u00a0\u00bb3.25&Prime; custom_padding=\u00a0\u00bb|||\u00a0\u00bb custom_padding__hover=\u00a0\u00bb|||\u00a0\u00bb][et_pb_text admin_label=\u00a0\u00bbT\u00cdTULO\u00a0\u00bb _builder_version=\u00a0\u00bb4.7.6&Prime; _module_preset=\u00a0\u00bbdefault\u00a0\u00bb]<\/p>\n<h1 style=\"text-align: center\">POLITIQUE DE CONFIDENTIALIT\u00c9 APPARTEMENTS H\u00d4TELIERS MARIA VICTORIA BENIDORM<\/h1>\n<p>[\/et_pb_text][et_pb_text _builder_version=\u00a0\u00bb4.7.4&Prime; background_size=\u00a0\u00bbinitial\u00a0\u00bb background_position=\u00a0\u00bbtop_left\u00a0\u00bb background_repeat=\u00a0\u00bbrepeat\u00a0\u00bb]<\/p>\n<div>\n<p class=\"ng-binding\">Cette politique de confidentialit\u00e9 s&rsquo;applique \u00e0 l&rsquo;h\u00f4tel Apartamentos Maria Victoria \u00e0 Benidorm, qui appartient et est g\u00e9r\u00e9 par Construcciones Sedavi SA. Cette politique de confidentialit\u00e9 d\u00e9crit comment nous recueillons et utilisons les informations, qui peuvent inclure des donn\u00e9es personnelles, que vous nous fournissez sur notre site Web: www.apartamentosmariavictoria.com. Il d\u00e9crit \u00e9galement les options dont vous disposez concernant l&rsquo;utilisation de vos donn\u00e9es personnelles et la mani\u00e8re dont vous pouvez acc\u00e9der et mettre \u00e0 jour ces donn\u00e9es.<\/p>\n<p class=\"ng-binding\">\n<h3 class=\"ng-binding\">Collecte des donn\u00e9es de l&rsquo;h\u00f4tel Apartamentos Maria Victoria \u00e0 Benidorm:<\/h3>\n<p class=\"ng-binding\">Voici quelques-uns des types d&rsquo;informations personnelles que nous collectons \u00e0 l&rsquo;h\u00f4tel Apartamentos Maria Victoria \u00e0 Benidorm:<\/p>\n<ul>\n<li class=\"ng-binding\">Nom, pr\u00e9nom, e-mail, num\u00e9ro de t\u00e9l\u00e9phone et adresse postale;<\/li>\n<li class=\"ng-binding\">Donn\u00e9es de la carte de cr\u00e9dit (type de carte, num\u00e9ro de carte, nom du titulaire, date d&rsquo;expiration et code de s\u00e9curit\u00e9);<\/li>\n<li class=\"ng-binding\">Informations sur les s\u00e9jours des clients, telles que les dates d&rsquo;arriv\u00e9e et de d\u00e9part, les demandes sp\u00e9ciales, les commentaires sur vos pr\u00e9f\u00e9rences en mati\u00e8re de services (chambres, installations ou tout autre service utilis\u00e9)<\/li>\n<li class=\"ng-binding\">Informations li\u00e9es \u00e0 vos pr\u00e9f\u00e9rences marketing ou que vous nous fournissez lorsque vous participez \u00e0 des sondages, des concours et des offres promotionnelles. <\/li>\n<\/ul>\n<h3 class=\"ng-binding\"><\/h3>\n<h3 class=\"ng-binding\">Nous collectons automatiquement:<\/h3>\n<p class=\"ng-binding\">Lorsque vous utilisez notre site Internet www.apartamentosmariavictoria.com, nous collectons \u00e9galement des donn\u00e9es automatiquement, certaines pouvant \u00eatre personnelles. Par exemple, pr\u00e9f\u00e9rence de langue, adresse IP, emplacement, param\u00e8tres de l&rsquo;appareil, syst\u00e8me d&rsquo;exploitation de l&rsquo;appareil, journal, dur\u00e9e d&rsquo;utilisation, URL demand\u00e9e, rapport d&rsquo;\u00e9tat, agent utilisateur (informations sur la version du navigateur), syst\u00e8me d&rsquo;exploitation, r\u00e9sultat (visite ou r\u00e9servation), historique de navigation , l&rsquo;identifiant de r\u00e9servation de l&rsquo;utilisateur et le type d&rsquo;informations consult\u00e9es. Nous pouvons \u00e9galement les collecter automatiquement via des cookies.<\/p>\n<h2 class=\"ng-binding\"><span style=\"font-size: x-large\">Finalit\u00e9s du traitement des donn\u00e9es \u00e0 l&rsquo;h\u00f4tel Apartamentos Maria Victoria \u00e0 Benidorm<\/span><\/h2>\n<h3 class=\"ng-binding\">Nous utilisons vos donn\u00e9es personnelles aux fins suivantes:<\/h3>\n<ul>\n<li class=\"ng-binding\">A. R\u00e9servations \u00e0 l&rsquo;h\u00f4tel Apartamentos Maria Victoria Benidorm: nous utilisons votre d. p. pour compl\u00e9ter et g\u00e9rer votre r\u00e9servation en ligne.<\/li>\n<li class=\"ng-binding\">B. Service client: nous utilisons votre d. p. pour offrir un service client.<\/li>\n<li class=\"ng-binding\">C. Commentaires des clients: nous pouvons utiliser les coordonn\u00e9es pour vous inviter par e-mail \u00e0 r\u00e9diger un commentaire apr\u00e8s votre s\u00e9jour. De cette mani\u00e8re, vous aidez les autres voyageurs \u00e0 choisir l&rsquo;h\u00e9bergement qui leur convient le mieux. Si vous envoyez un commentaire, il peut \u00eatre publi\u00e9 sur notre site Web.<\/li>\n<li class=\"ng-binding\">D. Activit\u00e9s de marketing \u00e0 l&rsquo;h\u00f4tel Apartamentos Maria Victoria Benidorm: nous les utilisons \u00e9galement pour des activit\u00e9s li\u00e9es au marketing, conform\u00e9ment \u00e0 la loi. Lorsque nous utilisons des contacts pour le marketing direct, tels que des newsletters commerciales et des communications marketing sur de nouveaux produits et services ou d&rsquo;autres offres qui, selon nous, pourraient vous int\u00e9resser, vous pouvez \u00e9galement nous informer de votre retrait, si vous ne souhaitez pas que nous vous envoyions plus de messages. \u00e0 l&rsquo;avenir.<\/li>\n<li class=\"ng-binding\">E. Autres communications de l&rsquo;H\u00f4tel Apartamentos Maria Victoria Benidorm: nous pouvons vous contacter par e-mail, par courrier, par t\u00e9l\u00e9phone ou en envoyant un message en fonction des informations de contact que vous nous laissez. Les raisons peuvent \u00eatre:<\/li>\n<\/ul>\n<p class=\"ng-binding\">\u00e0. Il se peut que nous devions r\u00e9pondre ou g\u00e9rer les demandes que vous nous avez faites.<br \/>b. Si vous n&rsquo;avez pas effectu\u00e9 de r\u00e9servation en ligne, nous pouvons vous envoyer un e-mail de rappel pour poursuivre votre r\u00e9servation. Nous pensons que ce service suppl\u00e9mentaire vous est utile car il vous permet de terminer une r\u00e9servation sans avoir \u00e0 chercher \u00e0 nouveau l&rsquo;h\u00e9bergement et sans remplir \u00e0 nouveau la r\u00e9servation depuis le d\u00e9but.<br \/>c. Lorsque vous utilisez nos services, nous pouvons vous envoyer un questionnaire ou vous inviter \u00e0 r\u00e9diger un commentaire sur votre exp\u00e9rience sur notre site Web.<a href=\"https:\/\/apartamentosmariavictoria.com\/fr\/\"> www.apartamentosmariavictoria.com<\/a> . Nous pensons que ce service suppl\u00e9mentaire est utile pour vous et pour nous, afin que nous puissions am\u00e9liorer notre site Web en fonction de ce que vous nous dites.<\/p>\n<ul>\n<li class=\"ng-binding\">F. Analyse, am\u00e9liorations et recherches \u00e0 l&rsquo;h\u00f4tel Apartamentos Maria Victoria Benidorm: nous utilisons des donn\u00e9es personnelles pour effectuer des recherches et des analyses. Nous pouvons faire appel \u00e0 un tiers pour l&rsquo;ex\u00e9cuter en notre nom. Nous pouvons partager ou divulguer les r\u00e9sultats de recherche, y compris des tiers, de mani\u00e8re anonyme et mondiale. Nous utilisons du personnel pour effectuer des analyses, am\u00e9liorer nos services, offrir une meilleure exp\u00e9rience utilisateur, \u00e9tendre les fonctionnalit\u00e9s et obtenir plus de qualit\u00e9 dans nos services de voyage en ligne.<\/li>\n<li class=\"ng-binding\">G. S\u00e9curit\u00e9, d\u00e9tection et pr\u00e9vention des fraudes \u00e0 l&rsquo;h\u00f4tel Apartamentos Maria Victoria Benidorm: nous utilisons des informations, qui peuvent inclure des informations personnelles, pour pr\u00e9venir la fraude et d&rsquo;autres activit\u00e9s ill\u00e9gales ou illicites. Nous utilisons \u00e9galement ces informations pour enqu\u00eater et d\u00e9tecter les fraudes. Nous pouvons utiliser des personnes pour \u00e9valuer les risques et \u00e0 des fins de s\u00e9curit\u00e9, telles que l&rsquo;authentification des utilisateurs. \u00c0 ces fins, nous pouvons partager avec des tiers, tels que les autorit\u00e9s charg\u00e9es de l&rsquo;application de la loi, comme le permet la loi applicable, et des conseillers externes.<\/li>\n<li class=\"ng-binding\">Questions de conformit\u00e9 juridique et r\u00e9glementaire: dans certains cas, nous devons utiliser les informations fournies, qui peuvent inclure, pour g\u00e9rer et r\u00e9soudre des r\u00e9clamations ou des litiges juridiques, pour nous conformer \u00e0 la r\u00e9glementation ou pour des enqu\u00eates r\u00e9glementaires, ou pour ex\u00e9cuter des accords ou r\u00e9pondre \u00e0 des demandes. l&rsquo;application de la loi dans la mesure requise par la loi.<\/li>\n<\/ul>\n<p class=\"ng-binding\">Si nous utilisons des moyens automatiques pour traiter ceux qui ont des effets juridiques ou qui peuvent vous affecter de mani\u00e8re significative, nous appliquerons les mesures n\u00e9cessaires pour sauvegarder vos droits et libert\u00e9s, y compris le droit d&rsquo;obtenir une intervention humaine.<\/p>\n<h3 class=\"ng-binding\"><\/h3>\n<h3 class=\"ng-binding\">Bases l\u00e9gales<\/h3>\n<ul>\n<li class=\"ng-binding\">Compte tenu des finalit\u00e9s A et B, nous d\u00e9pendons de la r\u00e9alisation: l&rsquo;utilisation peut \u00eatre n\u00e9cessaire pour remplir la r\u00e9servation que vous avez avec nous. Par exemple, si vous utilisez nos services pour effectuer une r\u00e9servation en ligne, nous les utiliserons pour remplir notre obligation de compl\u00e9ter et de g\u00e9rer la r\u00e9servation.<\/li>\n<li class=\"ng-binding\">Compte tenu des finalit\u00e9s de C \u00e0 H, nous d\u00e9pendons d&rsquo;int\u00e9r\u00eats l\u00e9gitimes: nous utilisons vos donn\u00e9es pour nos int\u00e9r\u00eats l\u00e9gitimes, tels que vous proposer le contenu le plus appropri\u00e9 pour le Web, les e-mails et les newsletters, pour am\u00e9liorer et promouvoir nos produits et services. , et le contenu de notre site Web, et pour la d\u00e9tection de la fraude administrative et \u00e0 des fins juridiques. En les utilisant pour servir nos int\u00e9r\u00eats l\u00e9gitimes, nous placerons toujours vos droits et int\u00e9r\u00eats dans la protection au-dessus de nos droits et int\u00e9r\u00eats.<\/li>\n<li class=\"ng-binding\">Concernant l&rsquo;extr\u00e9mit\u00e9 H, nous d\u00e9pendons \u00e9galement, le cas \u00e9ch\u00e9ant, de notre obligation de respecter la loi applicable.<\/li>\n<li class=\"ng-binding\">Si n\u00e9cessaire en vertu de la loi applicable, nous vous demanderons votre consentement pr\u00e9alable pour les traiter \u00e0 des fins de marketing direct.<\/li>\n<\/ul>\n<p class=\"ng-binding\">Si n\u00e9cessaire, conform\u00e9ment \u00e0 la l\u00e9gislation en vigueur, \u00e0 l&rsquo;Hotel Apartamentos Maria Victoria Benidorm, nous vous demanderons votre consentement. Vous pouvez retirer votre consentement \u00e0 tout moment en \u00e9crivant \u00e0 l&rsquo;une des adresses qui apparaissent \u00e0 la fin de cette politique de confidentialit\u00e9.<\/p>\n<p class=\"ng-binding\">Si vous souhaitez vous opposer au processus \u00e9tabli dans les points CF et que vous ne disposez d&rsquo;aucun moyen direct pour le rejeter (par exemple dans la configuration de votre compte), dans la mesure o\u00f9 il est applicable, contactez reservas @ apartamentosmariavictoria. com.<\/p>\n<p class=\"ng-binding\">\n<h3 class=\"ng-binding\">S\u00e9curit\u00e9 \u00e0 l&rsquo;h\u00f4tel Apartamentos Maria Victoria Benidorm<\/h3>\n<p class=\"ng-binding\">Hotel Apartamentos Maria Victoria Benidorm suit des proc\u00e9dures raisonnables pour emp\u00eacher l&rsquo;acc\u00e8s non autoris\u00e9 et l&rsquo;utilisation inappropri\u00e9e des informations qui incluent des donn\u00e9es personnelles. Nous utilisons des syst\u00e8mes et des proc\u00e9dures de gestion appropri\u00e9s pour prot\u00e9ger et sauvegarder les informations qui les incluent. Nous utilisons \u00e9galement des proc\u00e9dures de s\u00e9curit\u00e9 et des restrictions d&rsquo;acc\u00e8s physiques et techniques sur nos serveurs. Seul le personnel autoris\u00e9 peut y acc\u00e9der pendant son travail.<\/p>\n<h3 class=\"ng-binding\"><\/h3>\n<h3 class=\"ng-binding\">La conservation des donn\u00e9es<\/h3>\n<p class=\"ng-binding\">\u00c0 l&rsquo;h\u00f4tel Apartamentos Maria Victoria Benidorm, nous conserverons vos informations aussi longtemps que nous le jugerons n\u00e9cessaire pour vous fournir des services, nous conformer \u00e0 la l\u00e9gislation applicable, r\u00e9soudre les diff\u00e9rends avec d&rsquo;autres parties et pour toute autre raison n\u00e9cessaire qui nous permet de mener \u00e0 bien nos activit\u00e9s, y compris la d\u00e9tection et la pr\u00e9vention de la fraude ou d&rsquo;autres activit\u00e9s ill\u00e9gales. Ils seront soumis \u00e0 cette politique de confidentialit\u00e9. Si vous avez des questions, veuillez nous contacter avec les coordonn\u00e9es incluses<\/p>\n<\/div>\n<p>[\/et_pb_text][\/et_pb_column][\/et_pb_row][\/et_pb_section]<\/p>\n","protected":false},"excerpt":{"rendered":"<p>POLITIQUE DE CONFIDENTIALIT\u00c9 APPARTEMENTS H\u00d4TELIERS MARIA VICTORIA BENIDORM Cette politique de confidentialit\u00e9 s&rsquo;applique \u00e0 l&rsquo;h\u00f4tel Apartamentos Maria Victoria \u00e0 Benidorm, qui appartient et est g\u00e9r\u00e9 par Construcciones Sedavi SA. Cette politique de confidentialit\u00e9 d\u00e9crit comment nous recueillons et utilisons les informations, qui peuvent inclure des donn\u00e9es personnelles, que vous nous fournissez sur notre site Web: [&hellip;]<\/p>\n","protected":false},"author":1,"featured_media":0,"parent":0,"menu_order":0,"comment_status":"closed","ping_status":"open","template":"","meta":{"_et_pb_use_builder":"on","_et_pb_old_content":"","_et_gb_content_width":"","inline_featured_image":false,"footnotes":""},"class_list":["post-2977","page","type-page","status-publish","hentry"],"yoast_head":"<!-- This site is optimized with the Yoast SEO plugin v26.9 - https:\/\/yoast.com\/product\/yoast-seo-wordpress\/ -->\n<title>Politique de confidentialit\u00e9 - Maria Victoria Apartments \u00e0 Benidorm<\/title>\n<meta name=\"description\" content=\"Conna\u00eetre en d\u00e9tail les politiques de confidentialit\u00e9 de l&#039;\u00e9tablissement Hotel Apartamentos Maria Victoria \u00e0 Benidorm\" \/>\n<meta name=\"robots\" content=\"index, follow, max-snippet:-1, max-image-preview:large, max-video-preview:-1\" \/>\n<link rel=\"canonical\" href=\"https:\/\/apartamentosmariavictoria.com\/fr\/politique-de-confidentialite\/\" \/>\n<meta property=\"og:locale\" content=\"fr_FR\" \/>\n<meta property=\"og:type\" content=\"article\" \/>\n<meta property=\"og:title\" content=\"Politique de confidentialit\u00e9 - Maria Victoria Apartments \u00e0 Benidorm\" \/>\n<meta property=\"og:description\" content=\"Conna\u00eetre en d\u00e9tail les politiques de confidentialit\u00e9 de l&#039;\u00e9tablissement Hotel Apartamentos Maria Victoria \u00e0 Benidorm\" \/>\n<meta property=\"og:url\" content=\"https:\/\/apartamentosmariavictoria.com\/fr\/politique-de-confidentialite\/\" \/>\n<meta property=\"og:site_name\" content=\"Apartamento Mar\u00eda Victoria\" \/>\n<meta property=\"article:publisher\" content=\"https:\/\/es-es.facebook.com\/juanferrandis77\/\" \/>\n<meta property=\"article:modified_time\" content=\"2021-03-08T10:50:42+00:00\" \/>\n<meta name=\"twitter:card\" content=\"summary_large_image\" \/>\n<meta name=\"twitter:label1\" content=\"Dur\u00e9e de lecture estim\u00e9e\" \/>\n\t<meta name=\"twitter:data1\" content=\"8 minutes\" \/>\n<script type=\"application\/ld+json\" class=\"yoast-schema-graph\">{\"@context\":\"https:\/\/schema.org\",\"@graph\":[{\"@type\":\"WebPage\",\"@id\":\"https:\/\/apartamentosmariavictoria.com\/fr\/politique-de-confidentialite\/\",\"url\":\"https:\/\/apartamentosmariavictoria.com\/fr\/politique-de-confidentialite\/\",\"name\":\"Politique de confidentialit\u00e9 - Maria Victoria Apartments \u00e0 Benidorm\",\"isPartOf\":{\"@id\":\"https:\/\/apartamentosmariavictoria.com\/fr\/#website\"},\"datePublished\":\"2021-03-08T10:50:39+00:00\",\"dateModified\":\"2021-03-08T10:50:42+00:00\",\"description\":\"Conna\u00eetre en d\u00e9tail les politiques de confidentialit\u00e9 de l'\u00e9tablissement Hotel Apartamentos Maria Victoria \u00e0 Benidorm\",\"breadcrumb\":{\"@id\":\"https:\/\/apartamentosmariavictoria.com\/fr\/politique-de-confidentialite\/#breadcrumb\"},\"inLanguage\":\"fr-FR\",\"potentialAction\":[{\"@type\":\"ReadAction\",\"target\":[\"https:\/\/apartamentosmariavictoria.com\/fr\/politique-de-confidentialite\/\"]}]},{\"@type\":\"BreadcrumbList\",\"@id\":\"https:\/\/apartamentosmariavictoria.com\/fr\/politique-de-confidentialite\/#breadcrumb\",\"itemListElement\":[{\"@type\":\"ListItem\",\"position\":1,\"name\":\"Portada\",\"item\":\"https:\/\/apartamentosmariavictoria.com\/fr\/\"},{\"@type\":\"ListItem\",\"position\":2,\"name\":\"Politique de confidentialit\u00e9\"}]},{\"@type\":\"WebSite\",\"@id\":\"https:\/\/apartamentosmariavictoria.com\/fr\/#website\",\"url\":\"https:\/\/apartamentosmariavictoria.com\/fr\/\",\"name\":\"Apartamento Mar\u00eda Victoria en Benidorm\",\"description\":\"Hotel Apartamentos Mar\u00eda Victoria en Benidorm\",\"publisher\":{\"@id\":\"https:\/\/apartamentosmariavictoria.com\/fr\/#organization\"},\"potentialAction\":[{\"@type\":\"SearchAction\",\"target\":{\"@type\":\"EntryPoint\",\"urlTemplate\":\"https:\/\/apartamentosmariavictoria.com\/fr\/?s={search_term_string}\"},\"query-input\":{\"@type\":\"PropertyValueSpecification\",\"valueRequired\":true,\"valueName\":\"search_term_string\"}}],\"inLanguage\":\"fr-FR\"},{\"@type\":\"Organization\",\"@id\":\"https:\/\/apartamentosmariavictoria.com\/fr\/#organization\",\"name\":\"Apartamentos Mar\u00eda Victoria\",\"url\":\"https:\/\/apartamentosmariavictoria.com\/fr\/\",\"logo\":{\"@type\":\"ImageObject\",\"inLanguage\":\"fr-FR\",\"@id\":\"https:\/\/apartamentosmariavictoria.com\/fr\/#\/schema\/logo\/image\/\",\"url\":\"https:\/\/apartamentosmariavictoria.com\/wp-content\/uploads\/2021\/02\/logo-apartamentos-mariavictoria.jpg\",\"contentUrl\":\"https:\/\/apartamentosmariavictoria.com\/wp-content\/uploads\/2021\/02\/logo-apartamentos-mariavictoria.jpg\",\"width\":400,\"height\":181,\"caption\":\"Apartamentos Mar\u00eda Victoria\"},\"image\":{\"@id\":\"https:\/\/apartamentosmariavictoria.com\/fr\/#\/schema\/logo\/image\/\"},\"sameAs\":[\"https:\/\/es-es.facebook.com\/juanferrandis77\/\"]}]}<\/script>\n<!-- \/ Yoast SEO plugin. -->","yoast_head_json":{"title":"Politique de confidentialit\u00e9 - Maria Victoria Apartments \u00e0 Benidorm","description":"Conna\u00eetre en d\u00e9tail les politiques de confidentialit\u00e9 de l'\u00e9tablissement Hotel Apartamentos Maria Victoria \u00e0 Benidorm","robots":{"index":"index","follow":"follow","max-snippet":"max-snippet:-1","max-image-preview":"max-image-preview:large","max-video-preview":"max-video-preview:-1"},"canonical":"https:\/\/apartamentosmariavictoria.com\/fr\/politique-de-confidentialite\/","og_locale":"fr_FR","og_type":"article","og_title":"Politique de confidentialit\u00e9 - Maria Victoria Apartments \u00e0 Benidorm","og_description":"Conna\u00eetre en d\u00e9tail les politiques de confidentialit\u00e9 de l'\u00e9tablissement Hotel Apartamentos Maria Victoria \u00e0 Benidorm","og_url":"https:\/\/apartamentosmariavictoria.com\/fr\/politique-de-confidentialite\/","og_site_name":"Apartamento Mar\u00eda Victoria","article_publisher":"https:\/\/es-es.facebook.com\/juanferrandis77\/","article_modified_time":"2021-03-08T10:50:42+00:00","twitter_card":"summary_large_image","twitter_misc":{"Dur\u00e9e de lecture estim\u00e9e":"8 minutes"},"schema":{"@context":"https:\/\/schema.org","@graph":[{"@type":"WebPage","@id":"https:\/\/apartamentosmariavictoria.com\/fr\/politique-de-confidentialite\/","url":"https:\/\/apartamentosmariavictoria.com\/fr\/politique-de-confidentialite\/","name":"Politique de confidentialit\u00e9 - Maria Victoria Apartments \u00e0 Benidorm","isPartOf":{"@id":"https:\/\/apartamentosmariavictoria.com\/fr\/#website"},"datePublished":"2021-03-08T10:50:39+00:00","dateModified":"2021-03-08T10:50:42+00:00","description":"Conna\u00eetre en d\u00e9tail les politiques de confidentialit\u00e9 de l'\u00e9tablissement Hotel Apartamentos Maria Victoria \u00e0 Benidorm","breadcrumb":{"@id":"https:\/\/apartamentosmariavictoria.com\/fr\/politique-de-confidentialite\/#breadcrumb"},"inLanguage":"fr-FR","potentialAction":[{"@type":"ReadAction","target":["https:\/\/apartamentosmariavictoria.com\/fr\/politique-de-confidentialite\/"]}]},{"@type":"BreadcrumbList","@id":"https:\/\/apartamentosmariavictoria.com\/fr\/politique-de-confidentialite\/#breadcrumb","itemListElement":[{"@type":"ListItem","position":1,"name":"Portada","item":"https:\/\/apartamentosmariavictoria.com\/fr\/"},{"@type":"ListItem","position":2,"name":"Politique de confidentialit\u00e9"}]},{"@type":"WebSite","@id":"https:\/\/apartamentosmariavictoria.com\/fr\/#website","url":"https:\/\/apartamentosmariavictoria.com\/fr\/","name":"Apartamento Mar\u00eda Victoria en Benidorm","description":"Hotel Apartamentos Mar\u00eda Victoria en Benidorm","publisher":{"@id":"https:\/\/apartamentosmariavictoria.com\/fr\/#organization"},"potentialAction":[{"@type":"SearchAction","target":{"@type":"EntryPoint","urlTemplate":"https:\/\/apartamentosmariavictoria.com\/fr\/?s={search_term_string}"},"query-input":{"@type":"PropertyValueSpecification","valueRequired":true,"valueName":"search_term_string"}}],"inLanguage":"fr-FR"},{"@type":"Organization","@id":"https:\/\/apartamentosmariavictoria.com\/fr\/#organization","name":"Apartamentos Mar\u00eda Victoria","url":"https:\/\/apartamentosmariavictoria.com\/fr\/","logo":{"@type":"ImageObject","inLanguage":"fr-FR","@id":"https:\/\/apartamentosmariavictoria.com\/fr\/#\/schema\/logo\/image\/","url":"https:\/\/apartamentosmariavictoria.com\/wp-content\/uploads\/2021\/02\/logo-apartamentos-mariavictoria.jpg","contentUrl":"https:\/\/apartamentosmariavictoria.com\/wp-content\/uploads\/2021\/02\/logo-apartamentos-mariavictoria.jpg","width":400,"height":181,"caption":"Apartamentos Mar\u00eda Victoria"},"image":{"@id":"https:\/\/apartamentosmariavictoria.com\/fr\/#\/schema\/logo\/image\/"},"sameAs":["https:\/\/es-es.facebook.com\/juanferrandis77\/"]}]}},"_links":{"self":[{"href":"https:\/\/apartamentosmariavictoria.com\/fr\/wp-json\/wp\/v2\/pages\/2977","targetHints":{"allow":["GET"]}}],"collection":[{"href":"https:\/\/apartamentosmariavictoria.com\/fr\/wp-json\/wp\/v2\/pages"}],"about":[{"href":"https:\/\/apartamentosmariavictoria.com\/fr\/wp-json\/wp\/v2\/types\/page"}],"author":[{"embeddable":true,"href":"https:\/\/apartamentosmariavictoria.com\/fr\/wp-json\/wp\/v2\/users\/1"}],"replies":[{"embeddable":true,"href":"https:\/\/apartamentosmariavictoria.com\/fr\/wp-json\/wp\/v2\/comments?post=2977"}],"version-history":[{"count":6,"href":"https:\/\/apartamentosmariavictoria.com\/fr\/wp-json\/wp\/v2\/pages\/2977\/revisions"}],"predecessor-version":[{"id":2983,"href":"https:\/\/apartamentosmariavictoria.com\/fr\/wp-json\/wp\/v2\/pages\/2977\/revisions\/2983"}],"wp:attachment":[{"href":"https:\/\/apartamentosmariavictoria.com\/fr\/wp-json\/wp\/v2\/media?parent=2977"}],"curies":[{"name":"wp","href":"https:\/\/api.w.org\/{rel}","templated":true}]}}