{"id":2964,"date":"2021-03-08T10:48:49","date_gmt":"2021-03-08T10:48:49","guid":{"rendered":"https:\/\/www.apartamentosmariavictoria.com\/avis-juridique\/"},"modified":"2021-03-08T10:48:53","modified_gmt":"2021-03-08T10:48:53","slug":"avis-juridique","status":"publish","type":"page","link":"https:\/\/apartamentosmariavictoria.com\/fr\/avis-juridique\/","title":{"rendered":"Avis juridique"},"content":{"rendered":"<p>[et_pb_section fb_built=\u00a0\u00bb1&Prime; _builder_version=\u00a0\u00bb3.22&Prime;][et_pb_row _builder_version=\u00a0\u00bb4.8.2&Prime; background_size=\u00a0\u00bbinitial\u00a0\u00bb background_position=\u00a0\u00bbtop_left\u00a0\u00bb background_repeat=\u00a0\u00bbrepeat\u00a0\u00bb custom_margin=\u00a0\u00bb150px||||false|false\u00a0\u00bb custom_margin_tablet=\u00a0\u00bb\u00a0\u00bb custom_margin_phone=\u00a0\u00bb100px||||false|false\u00a0\u00bb custom_margin_last_edited=\u00a0\u00bbon|phone\u00a0\u00bb][et_pb_column type=\u00a0\u00bb4_4&Prime; _builder_version=\u00a0\u00bb3.25&Prime; custom_padding=\u00a0\u00bb|||\u00a0\u00bb custom_padding__hover=\u00a0\u00bb|||\u00a0\u00bb][et_pb_text admin_label=\u00a0\u00bbTITULO\u00a0\u00bb _builder_version=\u00a0\u00bb4.8.2&Prime; _module_preset=\u00a0\u00bbdefault\u00a0\u00bb hover_enabled=\u00a0\u00bb0&Prime; header_font_size_tablet=\u00a0\u00bb\u00a0\u00bb header_font_size_phone=\u00a0\u00bb22px\u00a0\u00bb header_font_size_last_edited=\u00a0\u00bbon|desktop\u00a0\u00bb header_font_size=\u00a0\u00bb40px\u00a0\u00bb sticky_enabled=\u00a0\u00bb0&Prime;]<\/p>\n<h1 style=\"text-align: center;\">AVIS JURIDIQUE APPARTEMENTS H\u00d4TELIERS MARIA VICTORIA BENIDORM<\/h1>\n<p>[\/et_pb_text][et_pb_text _builder_version=\u00a0\u00bb4.7.6&Prime; background_size=\u00a0\u00bbinitial\u00a0\u00bb background_position=\u00a0\u00bbtop_left\u00a0\u00bb background_repeat=\u00a0\u00bbrepeat\u00a0\u00bb]<\/p>\n<div no_space_b=\"true\" no_space_e=\"true\"><b no_space_b=\"true\" no_space_e=\"true\" style=\"font-size: 14px;\"><\/b><\/div>\n<div no_space_b=\"true\" no_space_e=\"true\"><b no_space_b=\"true\" no_space_e=\"true\" style=\"font-size: 14px;\">1. Coordonn\u00e9es de la soci\u00e9t\u00e9 Hotel Apartamentos Maria Victoria \u00e0 Benidorm<\/b><\/div>\n<p><br no_space_b=\"true\" no_space_e=\"true\">Conform\u00e9ment \u00e0 l&rsquo;article 10 de la loi 34\/2002 du 11 juillet sur les services de la soci\u00e9t\u00e9 de l&rsquo;information et du commerce \u00e9lectronique, les coordonn\u00e9es de la soci\u00e9t\u00e9 Hotel Apartamentos Maria Victoria \u00e0 Benidorm sont indiqu\u00e9es ci-dessous.<br no_space_b=\"true\" no_space_e=\"true\"><br no_space_b=\"true\" no_space_e=\"true\">Nom: Hotel Apartamentos Maria Victoria<br no_space_b=\"true\" no_space_e=\"true\"><br no_space_b=\"true\" no_space_e=\"true\">Raison sociale: Construcciones Sedavi SA<br no_space_b=\"true\" no_space_e=\"true\"><br no_space_b=\"true\" no_space_e=\"true\">Nif \/ Cif: A46221453<br no_space_b=\"true\" no_space_e=\"true\"><br no_space_b=\"true\" no_space_e=\"true\">Si\u00e8ge social: San Vicente, 42 Sedavi (Valence)<br no_space_b=\"true\" no_space_e=\"true\"><br no_space_b=\"true\" no_space_e=\"true\">T\u00e9l\u00e9phone: 963750797<br no_space_b=\"true\" no_space_e=\"true\"><br no_space_b=\"true\" no_space_e=\"true\">Adresse e-mail: info@apartamentosmariavictoria.com<\/p>\n<p><br no_space_b=\"true\" no_space_e=\"true\"><b no_space_b=\"true\" no_space_e=\"true\">2. Propri\u00e9t\u00e9 intellectuelle <\/b><\/p>\n<p>Le code source, les graphismes, les images, les photographies, les sons, les animations, les logiciels, les textes, ainsi que les informations et contenus collect\u00e9s pour le compte de l&rsquo;\u00e9tablissement sont prot\u00e9g\u00e9s par la l\u00e9gislation espagnole sur les droits de propri\u00e9t\u00e9 intellectuelle.<\/p>\n<p>La reproduction et \/ ou publication totale ou partielle du site n&rsquo;est pas autoris\u00e9e, ni son traitement informatique, sa distribution, sa diffusion, ni sa modification, transformation ou d\u00e9compilation, ni d&rsquo;autres droits l\u00e9galement reconnus \u00e0 son propri\u00e9taire, sans autorisation pr\u00e9alable. Et en l&rsquo;\u00e9criture.<\/p>\n<p>L&rsquo;utilisateur, uniquement et exclusivement, peut utiliser le mat\u00e9riel qui appara\u00eet sur ce site Web pour son usage personnel et priv\u00e9, son utilisation \u00e0 des fins commerciales ou pour se livrer \u00e0 des activit\u00e9s ill\u00e9gales est interdite.<\/p>\n<p>Tous les droits d\u00e9riv\u00e9s de la propri\u00e9t\u00e9 intellectuelle sont express\u00e9ment r\u00e9serv\u00e9s par le nom de l&rsquo;H\u00f4tel Apartamentos Maria Victoria Benidorm.<br no_space_b=\"true\" no_space_e=\"true\"><br no_space_b=\"true\" no_space_e=\"true\">L&rsquo;\u00e9tablissement h\u00f4telier veillera au respect des conditions ci-dessus ainsi qu&rsquo;\u00e0 la bonne utilisation du contenu pr\u00e9sent\u00e9 sur ses pages web, en exer\u00e7ant toutes les actions civiles et p\u00e9nales qui lui correspondent en cas de violation ou de violation de ces droits par l&rsquo;utilisateur.<br no_space_b=\"true\" no_space_e=\"true\"><b no_space_b=\"true\" no_space_e=\"true\"><\/b><\/p>\n<p>&nbsp;<\/p>\n<p><b no_space_b=\"true\" no_space_e=\"true\">3. Protection des donn\u00e9es personnelles de l&rsquo;h\u00f4tel Apartamentos Maria victoria Benidorm<\/b><br no_space_b=\"true\" no_space_e=\"true\"><span style=\"font-size: 14px;\"><\/span><\/p>\n<p><span style=\"font-size: 14px;\">Le but de la collecte et du traitement automatis\u00e9 des donn\u00e9es personnelles est de maintenir la relation contractuelle qui peut \u00eatre \u00e9tablie, ainsi que la performance des informations, du marketing et d&rsquo;autres activit\u00e9s de l&rsquo;entreprise.<\/span><\/p>\n<p><br no_space_b=\"true\" no_space_e=\"true\">L&rsquo;\u00e9tablissement h\u00f4telier a adopt\u00e9 les niveaux de s\u00e9curit\u00e9 appropri\u00e9s pour les donn\u00e9es fournies et, en outre, tous les moyens et mesures techniques \u00e0 sa disposition ont \u00e9t\u00e9 mis en place pour \u00e9viter la perte, l&rsquo;utilisation abusive, l&rsquo;alt\u00e9ration, l&rsquo;acc\u00e8s non autoris\u00e9 et le vol des donn\u00e9es qu&rsquo;ils facilitent. nous.<\/p>\n<p>L&rsquo;utilisateur peut, \u00e0 tout moment, exercer les droits reconnus dans la LOPD, d&rsquo;acc\u00e8s, de rectification, d&rsquo;annulation et d&rsquo;opposition.<\/p>\n<p><br no_space_b=\"true\" no_space_e=\"true\"><b no_space_b=\"true\" no_space_e=\"true\">4. Divers de l&rsquo;h\u00f4tel Apartamentos Maria Victoria Benidorm<\/b><br no_space_b=\"true\" no_space_e=\"true\"><br no_space_b=\"true\" no_space_e=\"true\">4.1 Cookies<\/p>\n<p>L&rsquo;Hotel Apartamentos Maria Victoria Benidorm utilise des cookies qui seront stock\u00e9s sur votre ordinateur. Ce sont de petits fichiers que notre ordinateur envoie au v\u00f4tre, mais ils ne nous fournissent aucune information sur votre nom ou sur aucune de vos donn\u00e9es personnelles.<\/p>\n<p>Les cookies que nous utilisons ne peuvent pas lire les donn\u00e9es de votre ordinateur ni lire celles qui existent sur votre ordinateur.<br no_space_b=\"true\" no_space_e=\"true\"><br no_space_b=\"true\" no_space_e=\"true\">Lorsque l&rsquo;utilisateur navigue sur les pages web de l&rsquo;\u00e9tablissement, le serveur sur lequel il est h\u00e9berg\u00e9 reconna\u00eet automatiquement l&rsquo;adresse IP de son ordinateur, le jour et l&rsquo;heure de d\u00e9but de la visite, quand il quitte la visite, ainsi que des informations sur les diff\u00e9rentes rubriques consult\u00e9es .<\/p>\n<p>Il est n\u00e9cessaire que le serveur connaisse ces donn\u00e9es pour pouvoir communiquer et envoyer la demande effectu\u00e9e et qu&rsquo;elle soit visible \u00e0 l&rsquo;\u00e9cran via le navigateur.<br no_space_b=\"true\" no_space_e=\"true\"><br no_space_b=\"true\" no_space_e=\"true\">Si vous le souhaitez, vous pouvez configurer votre navigateur pour qu&rsquo;il vous avertisse \u00e0 l&rsquo;\u00e9cran si vous allez recevoir un cookie. L&rsquo;utilisateur peut configurer son ordinateur pour qu&rsquo;il ne les re\u00e7oive pas, ce fait n&#8217;emp\u00eachera pas l&rsquo;acc\u00e8s aux informations pr\u00e9sentes sur le site wwwapartamentosmariavictoria.com.<br no_space_b=\"true\" no_space_e=\"true\"><br no_space_b=\"true\" no_space_e=\"true\">4.2 Informations incluses<\/p>\n<p>L&rsquo;H\u00f4tel Apartamentos Maria Victoria Benidorm peut modifier, sans pr\u00e9avis, les informations contenues dans son site Internet, ainsi que sa configuration et sa pr\u00e9sentation.<br no_space_b=\"true\" no_space_e=\"true\"><br no_space_b=\"true\" no_space_e=\"true\">4.3 Publicit\u00e9<\/p>\n<p>L&rsquo;Hotel Apartamentos Maria Victoria Benidorm s&rsquo;engage par la pr\u00e9sente \u00e0 NE PAS FAIRE DE PUBLICIT\u00c9 TROMPEUSE.<\/p>\n<p>\u00c0 ces fins, par cons\u00e9quent, les erreurs formelles ou num\u00e9riques qui peuvent \u00eatre trouv\u00e9es dans le contenu des diff\u00e9rentes sections du site Web de Benidorm www, Apartamentosmariavictoria.com, produites \u00e0 la suite de la maintenance et \/ ou de la maintenance, ne seront pas consid\u00e9r\u00e9es comme une publicit\u00e9 trompeuse. Ou mise \u00e0 jour incompl\u00e8te ou d\u00e9fectueuse des informations contenues dans ces sections.<\/p>\n<p>En cons\u00e9quence des dispositions du pr\u00e9sent article, l&rsquo;\u00e9tablissement s&rsquo;engage \u00e0 le corriger d\u00e8s qu&rsquo;il aura connaissance desdites erreurs.<br no_space_b=\"true\" no_space_e=\"true\"><br no_space_b=\"true\" no_space_e=\"true\">4.4 Communication commerciale<\/p>\n<p>L&rsquo;Hotel Apartamentos Maria Victoria Benidorm s&rsquo;engage \u00e0 NE PAS ENVOYER DE CORRESPONDANCE PUBLICITAIRE SANS L&rsquo;IDENTIFIER COMME TEL, conform\u00e9ment aux dispositions de la loi 34\/2002 sur la soci\u00e9t\u00e9 de l&rsquo;information et les services de commerce \u00e9lectronique.<\/p>\n<p>A ces fins, toutes les informations envoy\u00e9es AUX CLIENTS sous le nom de Hotel Apartamentos Maria Victoria Benidorm ne seront pas consid\u00e9r\u00e9es comme des communications commerciales, \u00e0 condition que leur finalit\u00e9 soit de maintenir la relation contractuelle existante entre le client et l&rsquo;\u00e9tablissement, ainsi que la performance des t\u00e2ches d\u2019information.<br no_space_b=\"true\" no_space_e=\"true\"><br no_space_b=\"true\" no_space_e=\"true\">4.5 R\u00e9glementations applicables<\/p>\n<p>Hotel Apartamentos Maria Victoria Benidorm n&rsquo;est pas responsable de la violation de toute r\u00e8gle applicable que l&rsquo;utilisateur pourrait encourir lors de l&rsquo;acc\u00e8s au site www.apartamentosmariavictoria.com et \/ ou en utilisant les informations qu&rsquo;il contient.<br no_space_b=\"true\" no_space_e=\"true\"><br no_space_b=\"true\" no_space_e=\"true\"><br no_space_b=\"true\" no_space_e=\"true\"><\/p>\n<p>[\/et_pb_text][\/et_pb_column][\/et_pb_row][\/et_pb_section]<\/p>\n","protected":false},"excerpt":{"rendered":"<p>AVIS JURIDIQUE APPARTEMENTS H\u00d4TELIERS MARIA VICTORIA BENIDORM 1. Coordonn\u00e9es de la soci\u00e9t\u00e9 Hotel Apartamentos Maria Victoria \u00e0 Benidorm Conform\u00e9ment \u00e0 l&rsquo;article 10 de la loi 34\/2002 du 11 juillet sur les services de la soci\u00e9t\u00e9 de l&rsquo;information et du commerce \u00e9lectronique, les coordonn\u00e9es de la soci\u00e9t\u00e9 Hotel Apartamentos Maria Victoria \u00e0 Benidorm sont indiqu\u00e9es ci-dessous.Nom: [&hellip;]<\/p>\n","protected":false},"author":1,"featured_media":0,"parent":0,"menu_order":0,"comment_status":"closed","ping_status":"closed","template":"","meta":{"_et_pb_use_builder":"on","_et_pb_old_content":"","_et_gb_content_width":"","inline_featured_image":false,"footnotes":""},"class_list":["post-2964","page","type-page","status-publish","hentry"],"yoast_head":"<!-- This site is optimized with the Yoast SEO plugin v26.9 - https:\/\/yoast.com\/product\/yoast-seo-wordpress\/ -->\n<title>Avis juridique - Hotel Apartamentos Maria Victoria \u00e0 Benidorm<\/title>\n<meta name=\"description\" content=\"Mentions l\u00e9gales de l&#039;H\u00f4tel Apartamentos Maria Victoria \u00e0 Benidorm o\u00f9 vous pouvez consulter les donn\u00e9es de l&#039;entreprise ainsi que les donn\u00e9es l\u00e9gales \u00e0 respecter\" \/>\n<meta name=\"robots\" content=\"index, follow, max-snippet:-1, max-image-preview:large, max-video-preview:-1\" \/>\n<link rel=\"canonical\" href=\"https:\/\/apartamentosmariavictoria.com\/fr\/avis-juridique\/\" \/>\n<meta property=\"og:locale\" content=\"fr_FR\" \/>\n<meta property=\"og:type\" content=\"article\" \/>\n<meta property=\"og:title\" content=\"Avis juridique - Hotel Apartamentos Maria Victoria \u00e0 Benidorm\" \/>\n<meta property=\"og:description\" content=\"Mentions l\u00e9gales de l&#039;H\u00f4tel Apartamentos Maria Victoria \u00e0 Benidorm o\u00f9 vous pouvez consulter les donn\u00e9es de l&#039;entreprise ainsi que les donn\u00e9es l\u00e9gales \u00e0 respecter\" \/>\n<meta property=\"og:url\" content=\"https:\/\/apartamentosmariavictoria.com\/fr\/avis-juridique\/\" \/>\n<meta property=\"og:site_name\" content=\"Apartamento Mar\u00eda Victoria\" \/>\n<meta property=\"article:publisher\" content=\"https:\/\/es-es.facebook.com\/juanferrandis77\/\" \/>\n<meta property=\"article:modified_time\" content=\"2021-03-08T10:48:53+00:00\" \/>\n<meta name=\"twitter:card\" content=\"summary_large_image\" \/>\n<meta name=\"twitter:label1\" content=\"Dur\u00e9e de lecture estim\u00e9e\" \/>\n\t<meta name=\"twitter:data1\" content=\"5 minutes\" \/>\n<script type=\"application\/ld+json\" class=\"yoast-schema-graph\">{\"@context\":\"https:\/\/schema.org\",\"@graph\":[{\"@type\":\"WebPage\",\"@id\":\"https:\/\/apartamentosmariavictoria.com\/fr\/avis-juridique\/\",\"url\":\"https:\/\/apartamentosmariavictoria.com\/fr\/avis-juridique\/\",\"name\":\"Avis juridique - Hotel Apartamentos Maria Victoria \u00e0 Benidorm\",\"isPartOf\":{\"@id\":\"https:\/\/apartamentosmariavictoria.com\/fr\/#website\"},\"datePublished\":\"2021-03-08T10:48:49+00:00\",\"dateModified\":\"2021-03-08T10:48:53+00:00\",\"description\":\"Mentions l\u00e9gales de l'H\u00f4tel Apartamentos Maria Victoria \u00e0 Benidorm o\u00f9 vous pouvez consulter les donn\u00e9es de l'entreprise ainsi que les donn\u00e9es l\u00e9gales \u00e0 respecter\",\"breadcrumb\":{\"@id\":\"https:\/\/apartamentosmariavictoria.com\/fr\/avis-juridique\/#breadcrumb\"},\"inLanguage\":\"fr-FR\",\"potentialAction\":[{\"@type\":\"ReadAction\",\"target\":[\"https:\/\/apartamentosmariavictoria.com\/fr\/avis-juridique\/\"]}]},{\"@type\":\"BreadcrumbList\",\"@id\":\"https:\/\/apartamentosmariavictoria.com\/fr\/avis-juridique\/#breadcrumb\",\"itemListElement\":[{\"@type\":\"ListItem\",\"position\":1,\"name\":\"Portada\",\"item\":\"https:\/\/apartamentosmariavictoria.com\/fr\/\"},{\"@type\":\"ListItem\",\"position\":2,\"name\":\"Avis juridique\"}]},{\"@type\":\"WebSite\",\"@id\":\"https:\/\/apartamentosmariavictoria.com\/fr\/#website\",\"url\":\"https:\/\/apartamentosmariavictoria.com\/fr\/\",\"name\":\"Apartamento Mar\u00eda Victoria en Benidorm\",\"description\":\"Hotel Apartamentos Mar\u00eda Victoria en Benidorm\",\"publisher\":{\"@id\":\"https:\/\/apartamentosmariavictoria.com\/fr\/#organization\"},\"potentialAction\":[{\"@type\":\"SearchAction\",\"target\":{\"@type\":\"EntryPoint\",\"urlTemplate\":\"https:\/\/apartamentosmariavictoria.com\/fr\/?s={search_term_string}\"},\"query-input\":{\"@type\":\"PropertyValueSpecification\",\"valueRequired\":true,\"valueName\":\"search_term_string\"}}],\"inLanguage\":\"fr-FR\"},{\"@type\":\"Organization\",\"@id\":\"https:\/\/apartamentosmariavictoria.com\/fr\/#organization\",\"name\":\"Apartamentos Mar\u00eda Victoria\",\"url\":\"https:\/\/apartamentosmariavictoria.com\/fr\/\",\"logo\":{\"@type\":\"ImageObject\",\"inLanguage\":\"fr-FR\",\"@id\":\"https:\/\/apartamentosmariavictoria.com\/fr\/#\/schema\/logo\/image\/\",\"url\":\"https:\/\/apartamentosmariavictoria.com\/wp-content\/uploads\/2021\/02\/logo-apartamentos-mariavictoria.jpg\",\"contentUrl\":\"https:\/\/apartamentosmariavictoria.com\/wp-content\/uploads\/2021\/02\/logo-apartamentos-mariavictoria.jpg\",\"width\":400,\"height\":181,\"caption\":\"Apartamentos Mar\u00eda Victoria\"},\"image\":{\"@id\":\"https:\/\/apartamentosmariavictoria.com\/fr\/#\/schema\/logo\/image\/\"},\"sameAs\":[\"https:\/\/es-es.facebook.com\/juanferrandis77\/\"]}]}<\/script>\n<!-- \/ Yoast SEO plugin. -->","yoast_head_json":{"title":"Avis juridique - Hotel Apartamentos Maria Victoria \u00e0 Benidorm","description":"Mentions l\u00e9gales de l'H\u00f4tel Apartamentos Maria Victoria \u00e0 Benidorm o\u00f9 vous pouvez consulter les donn\u00e9es de l'entreprise ainsi que les donn\u00e9es l\u00e9gales \u00e0 respecter","robots":{"index":"index","follow":"follow","max-snippet":"max-snippet:-1","max-image-preview":"max-image-preview:large","max-video-preview":"max-video-preview:-1"},"canonical":"https:\/\/apartamentosmariavictoria.com\/fr\/avis-juridique\/","og_locale":"fr_FR","og_type":"article","og_title":"Avis juridique - Hotel Apartamentos Maria Victoria \u00e0 Benidorm","og_description":"Mentions l\u00e9gales de l'H\u00f4tel Apartamentos Maria Victoria \u00e0 Benidorm o\u00f9 vous pouvez consulter les donn\u00e9es de l'entreprise ainsi que les donn\u00e9es l\u00e9gales \u00e0 respecter","og_url":"https:\/\/apartamentosmariavictoria.com\/fr\/avis-juridique\/","og_site_name":"Apartamento Mar\u00eda Victoria","article_publisher":"https:\/\/es-es.facebook.com\/juanferrandis77\/","article_modified_time":"2021-03-08T10:48:53+00:00","twitter_card":"summary_large_image","twitter_misc":{"Dur\u00e9e de lecture estim\u00e9e":"5 minutes"},"schema":{"@context":"https:\/\/schema.org","@graph":[{"@type":"WebPage","@id":"https:\/\/apartamentosmariavictoria.com\/fr\/avis-juridique\/","url":"https:\/\/apartamentosmariavictoria.com\/fr\/avis-juridique\/","name":"Avis juridique - Hotel Apartamentos Maria Victoria \u00e0 Benidorm","isPartOf":{"@id":"https:\/\/apartamentosmariavictoria.com\/fr\/#website"},"datePublished":"2021-03-08T10:48:49+00:00","dateModified":"2021-03-08T10:48:53+00:00","description":"Mentions l\u00e9gales de l'H\u00f4tel Apartamentos Maria Victoria \u00e0 Benidorm o\u00f9 vous pouvez consulter les donn\u00e9es de l'entreprise ainsi que les donn\u00e9es l\u00e9gales \u00e0 respecter","breadcrumb":{"@id":"https:\/\/apartamentosmariavictoria.com\/fr\/avis-juridique\/#breadcrumb"},"inLanguage":"fr-FR","potentialAction":[{"@type":"ReadAction","target":["https:\/\/apartamentosmariavictoria.com\/fr\/avis-juridique\/"]}]},{"@type":"BreadcrumbList","@id":"https:\/\/apartamentosmariavictoria.com\/fr\/avis-juridique\/#breadcrumb","itemListElement":[{"@type":"ListItem","position":1,"name":"Portada","item":"https:\/\/apartamentosmariavictoria.com\/fr\/"},{"@type":"ListItem","position":2,"name":"Avis juridique"}]},{"@type":"WebSite","@id":"https:\/\/apartamentosmariavictoria.com\/fr\/#website","url":"https:\/\/apartamentosmariavictoria.com\/fr\/","name":"Apartamento Mar\u00eda Victoria en Benidorm","description":"Hotel Apartamentos Mar\u00eda Victoria en Benidorm","publisher":{"@id":"https:\/\/apartamentosmariavictoria.com\/fr\/#organization"},"potentialAction":[{"@type":"SearchAction","target":{"@type":"EntryPoint","urlTemplate":"https:\/\/apartamentosmariavictoria.com\/fr\/?s={search_term_string}"},"query-input":{"@type":"PropertyValueSpecification","valueRequired":true,"valueName":"search_term_string"}}],"inLanguage":"fr-FR"},{"@type":"Organization","@id":"https:\/\/apartamentosmariavictoria.com\/fr\/#organization","name":"Apartamentos Mar\u00eda Victoria","url":"https:\/\/apartamentosmariavictoria.com\/fr\/","logo":{"@type":"ImageObject","inLanguage":"fr-FR","@id":"https:\/\/apartamentosmariavictoria.com\/fr\/#\/schema\/logo\/image\/","url":"https:\/\/apartamentosmariavictoria.com\/wp-content\/uploads\/2021\/02\/logo-apartamentos-mariavictoria.jpg","contentUrl":"https:\/\/apartamentosmariavictoria.com\/wp-content\/uploads\/2021\/02\/logo-apartamentos-mariavictoria.jpg","width":400,"height":181,"caption":"Apartamentos Mar\u00eda Victoria"},"image":{"@id":"https:\/\/apartamentosmariavictoria.com\/fr\/#\/schema\/logo\/image\/"},"sameAs":["https:\/\/es-es.facebook.com\/juanferrandis77\/"]}]}},"_links":{"self":[{"href":"https:\/\/apartamentosmariavictoria.com\/fr\/wp-json\/wp\/v2\/pages\/2964","targetHints":{"allow":["GET"]}}],"collection":[{"href":"https:\/\/apartamentosmariavictoria.com\/fr\/wp-json\/wp\/v2\/pages"}],"about":[{"href":"https:\/\/apartamentosmariavictoria.com\/fr\/wp-json\/wp\/v2\/types\/page"}],"author":[{"embeddable":true,"href":"https:\/\/apartamentosmariavictoria.com\/fr\/wp-json\/wp\/v2\/users\/1"}],"replies":[{"embeddable":true,"href":"https:\/\/apartamentosmariavictoria.com\/fr\/wp-json\/wp\/v2\/comments?post=2964"}],"version-history":[{"count":2,"href":"https:\/\/apartamentosmariavictoria.com\/fr\/wp-json\/wp\/v2\/pages\/2964\/revisions"}],"predecessor-version":[{"id":2966,"href":"https:\/\/apartamentosmariavictoria.com\/fr\/wp-json\/wp\/v2\/pages\/2964\/revisions\/2966"}],"wp:attachment":[{"href":"https:\/\/apartamentosmariavictoria.com\/fr\/wp-json\/wp\/v2\/media?parent=2964"}],"curies":[{"name":"wp","href":"https:\/\/api.w.org\/{rel}","templated":true}]}}