{"id":2370,"date":"2021-02-09T16:54:09","date_gmt":"2021-02-09T16:54:09","guid":{"rendered":"http:\/\/test.apartamentosmariavictoria.com\/prestations-de-service\/"},"modified":"2024-07-23T10:44:03","modified_gmt":"2024-07-23T10:44:03","slug":"prestations-de-service","status":"publish","type":"page","link":"https:\/\/apartamentosmariavictoria.com\/fr\/prestations-de-service\/","title":{"rendered":"Prestations de service"},"content":{"rendered":"<p>[et_pb_section fb_built=\u00a0\u00bb1&Prime; fullwidth=\u00a0\u00bbon\u00a0\u00bb admin_label=\u00a0\u00bbHeader\u00a0\u00bb _builder_version=\u00a0\u00bb4.7.4&Prime; _module_preset=\u00a0\u00bbdefault\u00a0\u00bb background_enable_image=\u00a0\u00bboff\u00a0\u00bb global_colors_info=\u00a0\u00bb{}\u00a0\u00bb][et_pb_fullwidth_header title=\u00a0\u00bbPrestations de service\u00a0\u00bb text_orientation=\u00a0\u00bbcenter\u00a0\u00bb background_overlay_color=\u00a0\u00bbrgba(0,0,0,0.4)\u00a0\u00bb _builder_version=\u00a0\u00bb4.9.0&Prime; _module_preset=\u00a0\u00bbdefault\u00a0\u00bb title_font=\u00a0\u00bbEl Messiri||||||||\u00a0\u00bb title_text_align=\u00a0\u00bbcenter\u00a0\u00bb title_text_color=\u00a0\u00bb#ffffff\u00a0\u00bb title_font_size=\u00a0\u00bb55px\u00a0\u00bb background_enable_color=\u00a0\u00bboff\u00a0\u00bb background_image=\u00a0\u00bbhttps:\/\/apartamentosmariavictoria.com\/wp-content\/uploads\/2020\/12\/Benidorm4.jpg\u00a0\u00bb background_blend=\u00a0\u00bboverlay\u00a0\u00bb custom_padding=\u00a0\u00bb150px||150px||false|false\u00a0\u00bb custom_padding_tablet=\u00a0\u00bb\u00a0\u00bb custom_padding_phone=\u00a0\u00bb200px||150px||false|false\u00a0\u00bb custom_padding_last_edited=\u00a0\u00bbon|phone\u00a0\u00bb title_text_align_tablet=\u00a0\u00bb\u00a0\u00bb title_text_align_phone=\u00a0\u00bb\u00a0\u00bb title_text_align_last_edited=\u00a0\u00bbon|desktop\u00a0\u00bb title_font_size_tablet=\u00a0\u00bb\u00a0\u00bb title_font_size_phone=\u00a0\u00bb35px\u00a0\u00bb title_font_size_last_edited=\u00a0\u00bbon|phone\u00a0\u00bb global_colors_info=\u00a0\u00bb{}\u00a0\u00bb][\/et_pb_fullwidth_header][et_pb_fullwidth_code module_id=\u00a0\u00bbreservas\u00a0\u00bb _builder_version=\u00a0\u00bb4.9.0&Prime; _module_preset=\u00a0\u00bbdefault\u00a0\u00bb background_color=\u00a0\u00bb#ffffff\u00a0\u00bb custom_margin_tablet=\u00a0\u00bb\u00a0\u00bb custom_margin_phone=\u00a0\u00bb-100px||||false|false\u00a0\u00bb custom_margin_last_edited=\u00a0\u00bbon|phone\u00a0\u00bb custom_css_main_element=\u00a0\u00bbposition:absolute !important;||bottom:-50px;||left: 50%;||transform: translate(-50%, 0);\u00a0\u00bb global_colors_info=\u00a0\u00bb{}\u00a0\u00bb custom_css_main_element_phone=\u00a0\u00bbposition:relative !important;\u00a0\u00bb custom_css_main_element_last_edited=\u00a0\u00bbon|phone\u00a0\u00bb custom_css_main_element_tablet=\u00a0\u00bbposition:absolute !important;||bottom:-50px;||left: 50%;||transform: translate(-50%, 0);\u00a0\u00bb]<script class=\"kas_online_reception\" src=\"https:\/\/wubook.net\/js\/nebk\/bwidget.jgz\" data-wid=\"374f9879-1dee-498c-a27a-622a8c4cc9b3\"><\/script>[\/et_pb_fullwidth_code][\/et_pb_section][et_pb_section fb_built=\u00a0\u00bb1&Prime; admin_label=\u00a0\u00bbMenu\u00a0\u00bb _builder_version=\u00a0\u00bb3.22&Prime; global_colors_info=\u00a0\u00bb{}\u00a0\u00bb][et_pb_row column_structure=\u00a0\u00bb1_4,1_4,1_4,1_4&Prime; _builder_version=\u00a0\u00bb3.25&Prime; global_colors_info=\u00a0\u00bb{}\u00a0\u00bb][et_pb_column type=\u00a0\u00bb1_4&Prime; _builder_version=\u00a0\u00bb3.25&Prime; custom_padding=\u00a0\u00bb|||\u00a0\u00bb global_colors_info=\u00a0\u00bb{}\u00a0\u00bb custom_padding__hover=\u00a0\u00bb|||\u00a0\u00bb][et_pb_blurb title=\u00a0\u00bbWiFi Gratis\u00a0\u00bb image=\u00a0\u00bbhttps:\/\/apartamentosmariavictoria.com\/wp-content\/uploads\/\/2020\/12\/wifi.svg\u00a0\u00bb image_icon_width=\u00a0\u00bb20%\u00a0\u00bb admin_label=\u00a0\u00bbWiFi Gratis en zonas comunes\u00a0\u00bb _builder_version=\u00a0\u00bb4.14.6&Prime; header_level=\u00a0\u00bbh5&Prime; header_font=\u00a0\u00bbRaleway|700|||||||\u00a0\u00bb header_font_size=\u00a0\u00bb20px\u00a0\u00bb header_line_height=\u00a0\u00bb1.2em\u00a0\u00bb body_font=\u00a0\u00bb||||||||\u00a0\u00bb body_line_height=\u00a0\u00bb2em\u00a0\u00bb text_orientation=\u00a0\u00bbcenter\u00a0\u00bb hover_enabled=\u00a0\u00bb0&Prime; border_color_all_image=\u00a0\u00bb#000000&Prime; image_max_width=\u00a0\u00bb20%\u00a0\u00bb global_colors_info=\u00a0\u00bb{}\u00a0\u00bb sticky_enabled=\u00a0\u00bb0&Prime;][\/et_pb_blurb][\/et_pb_column][et_pb_column type=\u00a0\u00bb1_4&Prime; _builder_version=\u00a0\u00bb4.7.4&Prime; _module_preset=\u00a0\u00bbdefault\u00a0\u00bb global_colors_info=\u00a0\u00bb{}\u00a0\u00bb][et_pb_blurb title=\u00a0\u00bbAir conditionn\u00e9 dans le salon des appartements\u00a0\u00bb image=\u00a0\u00bbhttps:\/\/apartamentosmariavictoria.com\/wp-content\/uploads\/\/2020\/12\/aire-acondicionado.svg\u00a0\u00bb image_icon_width=\u00a0\u00bb20%\u00a0\u00bb admin_label=\u00a0\u00bbAire acondicionado\u00a0\u00bb _builder_version=\u00a0\u00bb4.13.0&Prime; header_level=\u00a0\u00bbh5&Prime; header_font=\u00a0\u00bbRaleway|700|||||||\u00a0\u00bb header_font_size=\u00a0\u00bb20px\u00a0\u00bb header_line_height=\u00a0\u00bb1.2em\u00a0\u00bb body_font=\u00a0\u00bb||||||||\u00a0\u00bb body_line_height=\u00a0\u00bb2em\u00a0\u00bb text_orientation=\u00a0\u00bbcenter\u00a0\u00bb image_max_width=\u00a0\u00bb20%\u00a0\u00bb locked=\u00a0\u00bboff\u00a0\u00bb global_colors_info=\u00a0\u00bb{}\u00a0\u00bb][\/et_pb_blurb][\/et_pb_column][et_pb_column type=\u00a0\u00bb1_4&Prime; _builder_version=\u00a0\u00bb3.25&Prime; custom_padding=\u00a0\u00bb|||\u00a0\u00bb global_colors_info=\u00a0\u00bb{}\u00a0\u00bb custom_padding__hover=\u00a0\u00bb|||\u00a0\u00bb][et_pb_blurb title=\u00a0\u00bbPiscine ext\u00e9rieure et piscine pour enfants\u00a0\u00bb image=\u00a0\u00bbhttps:\/\/apartamentosmariavictoria.com\/wp-content\/uploads\/\/2020\/12\/piscina.svg\u00a0\u00bb image_icon_width=\u00a0\u00bb20%\u00a0\u00bb admin_label=\u00a0\u00bbPiscina al aire libre y piscina infantil\u00a0\u00bb _builder_version=\u00a0\u00bb4.13.0&Prime; header_level=\u00a0\u00bbh5&Prime; header_font=\u00a0\u00bbRaleway|700|||||||\u00a0\u00bb header_font_size=\u00a0\u00bb20px\u00a0\u00bb header_line_height=\u00a0\u00bb1.2em\u00a0\u00bb body_font=\u00a0\u00bb||||||||\u00a0\u00bb body_line_height=\u00a0\u00bb2em\u00a0\u00bb text_orientation=\u00a0\u00bbcenter\u00a0\u00bb image_max_width=\u00a0\u00bb20%\u00a0\u00bb global_colors_info=\u00a0\u00bb{}\u00a0\u00bb][\/et_pb_blurb][\/et_pb_column][et_pb_column type=\u00a0\u00bb1_4&Prime; _builder_version=\u00a0\u00bb3.25&Prime; custom_padding=\u00a0\u00bb|||\u00a0\u00bb global_colors_info=\u00a0\u00bb{}\u00a0\u00bb custom_padding__hover=\u00a0\u00bb|||\u00a0\u00bb][et_pb_blurb title=\u00a0\u00bbSolarium avec jardin\u00a0\u00bb image=\u00a0\u00bbhttps:\/\/apartamentosmariavictoria.com\/wp-content\/uploads\/\/2020\/12\/solarium.svg\u00a0\u00bb image_icon_width=\u00a0\u00bb20%\u00a0\u00bb admin_label=\u00a0\u00bbSol\u00e1rium con jard\u00edn\u00a0\u00bb _builder_version=\u00a0\u00bb4.13.0&Prime; header_level=\u00a0\u00bbh5&Prime; header_font=\u00a0\u00bbRaleway|700|||||||\u00a0\u00bb header_font_size=\u00a0\u00bb20px\u00a0\u00bb header_line_height=\u00a0\u00bb1.2em\u00a0\u00bb body_font=\u00a0\u00bb||||||||\u00a0\u00bb body_line_height=\u00a0\u00bb2em\u00a0\u00bb text_orientation=\u00a0\u00bbcenter\u00a0\u00bb image_max_width=\u00a0\u00bb20%\u00a0\u00bb global_colors_info=\u00a0\u00bb{}\u00a0\u00bb][\/et_pb_blurb][\/et_pb_column][\/et_pb_row][et_pb_row column_structure=\u00a0\u00bb1_4,1_4,1_4,1_4&Prime; _builder_version=\u00a0\u00bb3.25&Prime; global_colors_info=\u00a0\u00bb{}\u00a0\u00bb][et_pb_column type=\u00a0\u00bb1_4&Prime; _builder_version=\u00a0\u00bb3.25&Prime; custom_padding=\u00a0\u00bb|||\u00a0\u00bb global_colors_info=\u00a0\u00bb{}\u00a0\u00bb custom_padding__hover=\u00a0\u00bb|||\u00a0\u00bb][et_pb_blurb title=\u00a0\u00bbService d&rsquo;accueil de 9h00 \u00e0 23h00&Prime; image=\u00a0\u00bbhttps:\/\/apartamentosmariavictoria.com\/wp-content\/uploads\/\/2020\/12\/horario-recepcion.svg\u00a0\u00bb image_icon_width=\u00a0\u00bb27%\u00a0\u00bb content_max_width=\u00a0\u00bb219px\u00a0\u00bb admin_label=\u00a0\u00bbServicio de recepci\u00f3n de 9:00 a 23:00&Prime; _builder_version=\u00a0\u00bb4.13.0&Prime; header_level=\u00a0\u00bbh5&Prime; header_font=\u00a0\u00bbRaleway|700|||||||\u00a0\u00bb header_font_size=\u00a0\u00bb20px\u00a0\u00bb header_line_height=\u00a0\u00bb1.2em\u00a0\u00bb body_font=\u00a0\u00bb||||||||\u00a0\u00bb body_line_height=\u00a0\u00bb2em\u00a0\u00bb text_orientation=\u00a0\u00bbcenter\u00a0\u00bb image_max_width=\u00a0\u00bb27%\u00a0\u00bb global_colors_info=\u00a0\u00bb{}\u00a0\u00bb][\/et_pb_blurb][\/et_pb_column][et_pb_column type=\u00a0\u00bb1_4&Prime; _builder_version=\u00a0\u00bb3.25&Prime; custom_padding=\u00a0\u00bb|||\u00a0\u00bb global_colors_info=\u00a0\u00bb{}\u00a0\u00bb custom_padding__hover=\u00a0\u00bb|||\u00a0\u00bb][et_pb_blurb title=\u00a0\u00bbParking priv\u00e9 dans l&rsquo;\u00e9tablissement. \u00a0\u00bb image=\u00a0\u00bbhttps:\/\/apartamentosmariavictoria.com\/wp-content\/uploads\/\/2020\/12\/parking.svg\u00a0\u00bb image_icon_width=\u00a0\u00bb27%\u00a0\u00bb content_max_width=\u00a0\u00bb219px\u00a0\u00bb admin_label=\u00a0\u00bbParking Privado en el establecimiento.   \u00a0\u00bb _builder_version=\u00a0\u00bb4.14.6&Prime; header_level=\u00a0\u00bbh5&Prime; header_font=\u00a0\u00bbRaleway|700|||||||\u00a0\u00bb header_font_size=\u00a0\u00bb20px\u00a0\u00bb header_line_height=\u00a0\u00bb1.2em\u00a0\u00bb body_font=\u00a0\u00bb||||||||\u00a0\u00bb body_line_height=\u00a0\u00bb2em\u00a0\u00bb text_orientation=\u00a0\u00bbcenter\u00a0\u00bb hover_enabled=\u00a0\u00bb0&Prime; image_max_width=\u00a0\u00bb27%\u00a0\u00bb global_colors_info=\u00a0\u00bb{}\u00a0\u00bb sticky_enabled=\u00a0\u00bb0&Prime;]<\/p>\n<p>Coste de 10 \u20ac\/dia<\/p>\n<p>[\/et_pb_blurb][\/et_pb_column][et_pb_column type=\u00a0\u00bb1_4&Prime; _builder_version=\u00a0\u00bb3.25&Prime; custom_padding=\u00a0\u00bb|||\u00a0\u00bb global_colors_info=\u00a0\u00bb{}\u00a0\u00bb custom_padding__hover=\u00a0\u00bb|||\u00a0\u00bb][et_pb_blurb title=\u00a0\u00bbGardez les sacs\u00a0\u00bb image=\u00a0\u00bbhttps:\/\/apartamentosmariavictoria.com\/wp-content\/uploads\/\/2020\/12\/guardaequpaje.svg\u00a0\u00bb image_icon_width=\u00a0\u00bb20%\u00a0\u00bb admin_label=\u00a0\u00bbGuarda equipaje\u00a0\u00bb _builder_version=\u00a0\u00bb4.13.0&Prime; header_level=\u00a0\u00bbh5&Prime; header_font=\u00a0\u00bbRaleway|700|||||||\u00a0\u00bb header_font_size=\u00a0\u00bb20px\u00a0\u00bb header_line_height=\u00a0\u00bb1.2em\u00a0\u00bb body_font=\u00a0\u00bb||||||||\u00a0\u00bb body_line_height=\u00a0\u00bb2em\u00a0\u00bb text_orientation=\u00a0\u00bbcenter\u00a0\u00bb image_max_width=\u00a0\u00bb20%\u00a0\u00bb global_colors_info=\u00a0\u00bb{}\u00a0\u00bb][\/et_pb_blurb][\/et_pb_column][et_pb_column type=\u00a0\u00bb1_4&Prime; _builder_version=\u00a0\u00bb3.25&Prime; custom_padding=\u00a0\u00bb|||\u00a0\u00bb global_colors_info=\u00a0\u00bb{}\u00a0\u00bb custom_padding__hover=\u00a0\u00bb|||\u00a0\u00bb][et_pb_blurb title=\u00a0\u00bbPas d&rsquo;animaux de compagnie\u00a0\u00bb image=\u00a0\u00bbhttps:\/\/apartamentosmariavictoria.com\/wp-content\/uploads\/\/2020\/12\/no-mascotas.svg\u00a0\u00bb image_icon_width=\u00a0\u00bb20%\u00a0\u00bb admin_label=\u00a0\u00bbNo se admiten mascotas\u00a0\u00bb _builder_version=\u00a0\u00bb4.13.0&Prime; header_level=\u00a0\u00bbh5&Prime; header_font=\u00a0\u00bbRaleway|700|||||||\u00a0\u00bb header_font_size=\u00a0\u00bb20px\u00a0\u00bb header_line_height=\u00a0\u00bb1.2em\u00a0\u00bb body_font=\u00a0\u00bb||||||||\u00a0\u00bb body_line_height=\u00a0\u00bb2em\u00a0\u00bb text_orientation=\u00a0\u00bbcenter\u00a0\u00bb image_max_width=\u00a0\u00bb20%\u00a0\u00bb global_colors_info=\u00a0\u00bb{}\u00a0\u00bb][\/et_pb_blurb][\/et_pb_column][\/et_pb_row][\/et_pb_section][et_pb_section fb_built=\u00a0\u00bb1&Prime; admin_label=\u00a0\u00bbContacto\u00a0\u00bb _builder_version=\u00a0\u00bb4.7.4&Prime; background_color=\u00a0\u00bbrgba(0,0,0,0.64)\u00a0\u00bb background_image=\u00a0\u00bbhttps:\/\/apartamentosmariavictoria.com\/wp-content\/uploads\/2020\/12\/contact-bkg.jpg\u00a0\u00bb custom_padding=\u00a0\u00bb8vw|0px|8vw|0px|true|false\u00a0\u00bb locked=\u00a0\u00bboff\u00a0\u00bb global_colors_info=\u00a0\u00bb{}\u00a0\u00bb][et_pb_row _builder_version=\u00a0\u00bb4.7.4&Prime; background_color=\u00a0\u00bbrgba(255,255,255,0.66)\u00a0\u00bb custom_margin=\u00a0\u00bb|||\u00a0\u00bb global_colors_info=\u00a0\u00bb{}\u00a0\u00bb][et_pb_column type=\u00a0\u00bb4_4&Prime; _builder_version=\u00a0\u00bb3.25&Prime; custom_padding=\u00a0\u00bb|||\u00a0\u00bb global_colors_info=\u00a0\u00bb{}\u00a0\u00bb custom_padding__hover=\u00a0\u00bb|||\u00a0\u00bb][et_pb_text _builder_version=\u00a0\u00bb4.7.4&Prime; text_font=\u00a0\u00bb||||||||\u00a0\u00bb text_font_size=\u00a0\u00bb16px\u00a0\u00bb text_line_height=\u00a0\u00bb2em\u00a0\u00bb header_font=\u00a0\u00bb||||||||\u00a0\u00bb header_2_font=\u00a0\u00bbEl Messiri|700|||||||\u00a0\u00bb header_2_text_color=\u00a0\u00bb#000000&Prime; header_2_font_size=\u00a0\u00bb50px\u00a0\u00bb header_2_line_height=\u00a0\u00bb1.2em\u00a0\u00bb header_6_font=\u00a0\u00bbRaleway|700||on|||||\u00a0\u00bb header_6_font_size=\u00a0\u00bb16px\u00a0\u00bb header_6_letter_spacing=\u00a0\u00bb5px\u00a0\u00bb header_6_line_height=\u00a0\u00bb1.8em\u00a0\u00bb background_layout=\u00a0\u00bbdark\u00a0\u00bb max_width_tablet=\u00a0\u00bb\u00a0\u00bb max_width_phone=\u00a0\u00bb\u00a0\u00bb max_width_last_edited=\u00a0\u00bbon|desktop\u00a0\u00bb header_2_font_size_tablet=\u00a0\u00bb35px\u00a0\u00bb header_2_font_size_phone=\u00a0\u00bb25px\u00a0\u00bb header_2_font_size_last_edited=\u00a0\u00bbon|phone\u00a0\u00bb global_colors_info=\u00a0\u00bb{}\u00a0\u00bb]<\/p>\n<h2 style=\"text-align: center;\">Tu as des questions?<\/h2>\n<p>[\/et_pb_text][et_pb_button button_url=\u00a0\u00bbhttps:\/\/apartamentosmariavictoria.com\/fr\/contact\/\u00a0\u00bb button_text=\u00a0\u00bbContactez-nous\u00a0\u00bb button_alignment=\u00a0\u00bbcenter\u00a0\u00bb module_class=\u00a0\u00bblogo-name\u00a0\u00bb _builder_version=\u00a0\u00bb4.7.4&Prime; custom_button=\u00a0\u00bbon\u00a0\u00bb button_text_color=\u00a0\u00bb#ffffff\u00a0\u00bb button_bg_color=\u00a0\u00bb#0b4af7&Prime; button_border_width=\u00a0\u00bb10px\u00a0\u00bb button_border_color=\u00a0\u00bbrgba(0,0,0,0)\u00a0\u00bb button_border_radius=\u00a0\u00bb0px\u00a0\u00bb button_font=\u00a0\u00bbRaleway|700|||||||\u00a0\u00bb button_use_icon=\u00a0\u00bboff\u00a0\u00bb button_border_radius_hover=\u00a0\u00bb0px\u00a0\u00bb locked=\u00a0\u00bboff\u00a0\u00bb global_colors_info=\u00a0\u00bb{}\u00a0\u00bb button_text_size__hover_enabled=\u00a0\u00bboff\u00a0\u00bb button_one_text_size__hover_enabled=\u00a0\u00bboff\u00a0\u00bb button_two_text_size__hover_enabled=\u00a0\u00bboff\u00a0\u00bb button_text_color__hover_enabled=\u00a0\u00bboff\u00a0\u00bb button_one_text_color__hover_enabled=\u00a0\u00bboff\u00a0\u00bb button_two_text_color__hover_enabled=\u00a0\u00bboff\u00a0\u00bb button_border_width__hover_enabled=\u00a0\u00bboff\u00a0\u00bb button_one_border_width__hover_enabled=\u00a0\u00bboff\u00a0\u00bb button_two_border_width__hover_enabled=\u00a0\u00bboff\u00a0\u00bb button_border_color__hover_enabled=\u00a0\u00bboff\u00a0\u00bb button_one_border_color__hover_enabled=\u00a0\u00bboff\u00a0\u00bb button_two_border_color__hover_enabled=\u00a0\u00bboff\u00a0\u00bb button_border_radius__hover_enabled=\u00a0\u00bbon\u00a0\u00bb button_border_radius__hover=\u00a0\u00bb0px\u00a0\u00bb button_one_border_radius__hover_enabled=\u00a0\u00bboff\u00a0\u00bb button_two_border_radius__hover_enabled=\u00a0\u00bboff\u00a0\u00bb button_letter_spacing__hover_enabled=\u00a0\u00bboff\u00a0\u00bb button_one_letter_spacing__hover_enabled=\u00a0\u00bboff\u00a0\u00bb button_two_letter_spacing__hover_enabled=\u00a0\u00bboff\u00a0\u00bb button_bg_color__hover_enabled=\u00a0\u00bboff\u00a0\u00bb button_one_bg_color__hover_enabled=\u00a0\u00bboff\u00a0\u00bb button_two_bg_color__hover_enabled=\u00a0\u00bboff\u00a0\u00bb][\/et_pb_button][\/et_pb_column][\/et_pb_row][\/et_pb_section]<\/p>\n","protected":false},"excerpt":{"rendered":"<p>Coste de 10 \u20ac\/diaTu as des questions?<\/p>\n","protected":false},"author":1,"featured_media":0,"parent":0,"menu_order":0,"comment_status":"closed","ping_status":"closed","template":"","meta":{"_et_pb_use_builder":"on","_et_pb_old_content":"","_et_gb_content_width":"","inline_featured_image":false,"footnotes":""},"class_list":["post-2370","page","type-page","status-publish","hentry"],"yoast_head":"<!-- This site is optimized with the Yoast SEO plugin v26.9 - https:\/\/yoast.com\/product\/yoast-seo-wordpress\/ -->\n<title>Services disponibles des appartements Maria Victoria \u00e0 Benidorm<\/title>\n<meta name=\"description\" content=\"D\u00e9couvrez les services des appartements Maria Victoria \u00e0 Benidorm. Les appartements comprennent une piscine, une r\u00e9ception et une bagagerie\" \/>\n<meta name=\"robots\" content=\"index, follow, max-snippet:-1, max-image-preview:large, max-video-preview:-1\" \/>\n<link rel=\"canonical\" href=\"https:\/\/apartamentosmariavictoria.com\/fr\/prestations-de-service\/\" \/>\n<meta property=\"og:locale\" content=\"fr_FR\" \/>\n<meta property=\"og:type\" content=\"article\" \/>\n<meta property=\"og:title\" content=\"Services disponibles des appartements Maria Victoria \u00e0 Benidorm\" \/>\n<meta property=\"og:description\" content=\"D\u00e9couvrez les services des appartements Maria Victoria \u00e0 Benidorm. Les appartements comprennent une piscine, une r\u00e9ception et une bagagerie\" \/>\n<meta property=\"og:url\" content=\"https:\/\/apartamentosmariavictoria.com\/fr\/prestations-de-service\/\" \/>\n<meta property=\"og:site_name\" content=\"Apartamento Mar\u00eda Victoria\" \/>\n<meta property=\"article:publisher\" content=\"https:\/\/es-es.facebook.com\/juanferrandis77\/\" \/>\n<meta property=\"article:modified_time\" content=\"2024-07-23T10:44:03+00:00\" \/>\n<meta name=\"twitter:card\" content=\"summary_large_image\" \/>\n<meta name=\"twitter:label1\" content=\"Dur\u00e9e de lecture estim\u00e9e\" \/>\n\t<meta name=\"twitter:data1\" content=\"6 minutes\" \/>\n<script type=\"application\/ld+json\" class=\"yoast-schema-graph\">{\"@context\":\"https:\/\/schema.org\",\"@graph\":[{\"@type\":\"WebPage\",\"@id\":\"https:\/\/apartamentosmariavictoria.com\/fr\/prestations-de-service\/\",\"url\":\"https:\/\/apartamentosmariavictoria.com\/fr\/prestations-de-service\/\",\"name\":\"Services disponibles des appartements Maria Victoria \u00e0 Benidorm\",\"isPartOf\":{\"@id\":\"https:\/\/apartamentosmariavictoria.com\/fr\/#website\"},\"datePublished\":\"2021-02-09T16:54:09+00:00\",\"dateModified\":\"2024-07-23T10:44:03+00:00\",\"description\":\"D\u00e9couvrez les services des appartements Maria Victoria \u00e0 Benidorm. Les appartements comprennent une piscine, une r\u00e9ception et une bagagerie\",\"breadcrumb\":{\"@id\":\"https:\/\/apartamentosmariavictoria.com\/fr\/prestations-de-service\/#breadcrumb\"},\"inLanguage\":\"fr-FR\",\"potentialAction\":[{\"@type\":\"ReadAction\",\"target\":[\"https:\/\/apartamentosmariavictoria.com\/fr\/prestations-de-service\/\"]}]},{\"@type\":\"BreadcrumbList\",\"@id\":\"https:\/\/apartamentosmariavictoria.com\/fr\/prestations-de-service\/#breadcrumb\",\"itemListElement\":[{\"@type\":\"ListItem\",\"position\":1,\"name\":\"Portada\",\"item\":\"https:\/\/apartamentosmariavictoria.com\/fr\/\"},{\"@type\":\"ListItem\",\"position\":2,\"name\":\"Prestations de service\"}]},{\"@type\":\"WebSite\",\"@id\":\"https:\/\/apartamentosmariavictoria.com\/fr\/#website\",\"url\":\"https:\/\/apartamentosmariavictoria.com\/fr\/\",\"name\":\"Apartamento Mar\u00eda Victoria en Benidorm\",\"description\":\"Hotel Apartamentos Mar\u00eda Victoria en Benidorm\",\"publisher\":{\"@id\":\"https:\/\/apartamentosmariavictoria.com\/fr\/#organization\"},\"potentialAction\":[{\"@type\":\"SearchAction\",\"target\":{\"@type\":\"EntryPoint\",\"urlTemplate\":\"https:\/\/apartamentosmariavictoria.com\/fr\/?s={search_term_string}\"},\"query-input\":{\"@type\":\"PropertyValueSpecification\",\"valueRequired\":true,\"valueName\":\"search_term_string\"}}],\"inLanguage\":\"fr-FR\"},{\"@type\":\"Organization\",\"@id\":\"https:\/\/apartamentosmariavictoria.com\/fr\/#organization\",\"name\":\"Apartamentos Mar\u00eda Victoria\",\"url\":\"https:\/\/apartamentosmariavictoria.com\/fr\/\",\"logo\":{\"@type\":\"ImageObject\",\"inLanguage\":\"fr-FR\",\"@id\":\"https:\/\/apartamentosmariavictoria.com\/fr\/#\/schema\/logo\/image\/\",\"url\":\"https:\/\/apartamentosmariavictoria.com\/wp-content\/uploads\/2021\/02\/logo-apartamentos-mariavictoria.jpg\",\"contentUrl\":\"https:\/\/apartamentosmariavictoria.com\/wp-content\/uploads\/2021\/02\/logo-apartamentos-mariavictoria.jpg\",\"width\":400,\"height\":181,\"caption\":\"Apartamentos Mar\u00eda Victoria\"},\"image\":{\"@id\":\"https:\/\/apartamentosmariavictoria.com\/fr\/#\/schema\/logo\/image\/\"},\"sameAs\":[\"https:\/\/es-es.facebook.com\/juanferrandis77\/\"]}]}<\/script>\n<!-- \/ Yoast SEO plugin. -->","yoast_head_json":{"title":"Services disponibles des appartements Maria Victoria \u00e0 Benidorm","description":"D\u00e9couvrez les services des appartements Maria Victoria \u00e0 Benidorm. Les appartements comprennent une piscine, une r\u00e9ception et une bagagerie","robots":{"index":"index","follow":"follow","max-snippet":"max-snippet:-1","max-image-preview":"max-image-preview:large","max-video-preview":"max-video-preview:-1"},"canonical":"https:\/\/apartamentosmariavictoria.com\/fr\/prestations-de-service\/","og_locale":"fr_FR","og_type":"article","og_title":"Services disponibles des appartements Maria Victoria \u00e0 Benidorm","og_description":"D\u00e9couvrez les services des appartements Maria Victoria \u00e0 Benidorm. Les appartements comprennent une piscine, une r\u00e9ception et une bagagerie","og_url":"https:\/\/apartamentosmariavictoria.com\/fr\/prestations-de-service\/","og_site_name":"Apartamento Mar\u00eda Victoria","article_publisher":"https:\/\/es-es.facebook.com\/juanferrandis77\/","article_modified_time":"2024-07-23T10:44:03+00:00","twitter_card":"summary_large_image","twitter_misc":{"Dur\u00e9e de lecture estim\u00e9e":"6 minutes"},"schema":{"@context":"https:\/\/schema.org","@graph":[{"@type":"WebPage","@id":"https:\/\/apartamentosmariavictoria.com\/fr\/prestations-de-service\/","url":"https:\/\/apartamentosmariavictoria.com\/fr\/prestations-de-service\/","name":"Services disponibles des appartements Maria Victoria \u00e0 Benidorm","isPartOf":{"@id":"https:\/\/apartamentosmariavictoria.com\/fr\/#website"},"datePublished":"2021-02-09T16:54:09+00:00","dateModified":"2024-07-23T10:44:03+00:00","description":"D\u00e9couvrez les services des appartements Maria Victoria \u00e0 Benidorm. Les appartements comprennent une piscine, une r\u00e9ception et une bagagerie","breadcrumb":{"@id":"https:\/\/apartamentosmariavictoria.com\/fr\/prestations-de-service\/#breadcrumb"},"inLanguage":"fr-FR","potentialAction":[{"@type":"ReadAction","target":["https:\/\/apartamentosmariavictoria.com\/fr\/prestations-de-service\/"]}]},{"@type":"BreadcrumbList","@id":"https:\/\/apartamentosmariavictoria.com\/fr\/prestations-de-service\/#breadcrumb","itemListElement":[{"@type":"ListItem","position":1,"name":"Portada","item":"https:\/\/apartamentosmariavictoria.com\/fr\/"},{"@type":"ListItem","position":2,"name":"Prestations de service"}]},{"@type":"WebSite","@id":"https:\/\/apartamentosmariavictoria.com\/fr\/#website","url":"https:\/\/apartamentosmariavictoria.com\/fr\/","name":"Apartamento Mar\u00eda Victoria en Benidorm","description":"Hotel Apartamentos Mar\u00eda Victoria en Benidorm","publisher":{"@id":"https:\/\/apartamentosmariavictoria.com\/fr\/#organization"},"potentialAction":[{"@type":"SearchAction","target":{"@type":"EntryPoint","urlTemplate":"https:\/\/apartamentosmariavictoria.com\/fr\/?s={search_term_string}"},"query-input":{"@type":"PropertyValueSpecification","valueRequired":true,"valueName":"search_term_string"}}],"inLanguage":"fr-FR"},{"@type":"Organization","@id":"https:\/\/apartamentosmariavictoria.com\/fr\/#organization","name":"Apartamentos Mar\u00eda Victoria","url":"https:\/\/apartamentosmariavictoria.com\/fr\/","logo":{"@type":"ImageObject","inLanguage":"fr-FR","@id":"https:\/\/apartamentosmariavictoria.com\/fr\/#\/schema\/logo\/image\/","url":"https:\/\/apartamentosmariavictoria.com\/wp-content\/uploads\/2021\/02\/logo-apartamentos-mariavictoria.jpg","contentUrl":"https:\/\/apartamentosmariavictoria.com\/wp-content\/uploads\/2021\/02\/logo-apartamentos-mariavictoria.jpg","width":400,"height":181,"caption":"Apartamentos Mar\u00eda Victoria"},"image":{"@id":"https:\/\/apartamentosmariavictoria.com\/fr\/#\/schema\/logo\/image\/"},"sameAs":["https:\/\/es-es.facebook.com\/juanferrandis77\/"]}]}},"_links":{"self":[{"href":"https:\/\/apartamentosmariavictoria.com\/fr\/wp-json\/wp\/v2\/pages\/2370","targetHints":{"allow":["GET"]}}],"collection":[{"href":"https:\/\/apartamentosmariavictoria.com\/fr\/wp-json\/wp\/v2\/pages"}],"about":[{"href":"https:\/\/apartamentosmariavictoria.com\/fr\/wp-json\/wp\/v2\/types\/page"}],"author":[{"embeddable":true,"href":"https:\/\/apartamentosmariavictoria.com\/fr\/wp-json\/wp\/v2\/users\/1"}],"replies":[{"embeddable":true,"href":"https:\/\/apartamentosmariavictoria.com\/fr\/wp-json\/wp\/v2\/comments?post=2370"}],"version-history":[{"count":4,"href":"https:\/\/apartamentosmariavictoria.com\/fr\/wp-json\/wp\/v2\/pages\/2370\/revisions"}],"predecessor-version":[{"id":3174,"href":"https:\/\/apartamentosmariavictoria.com\/fr\/wp-json\/wp\/v2\/pages\/2370\/revisions\/3174"}],"wp:attachment":[{"href":"https:\/\/apartamentosmariavictoria.com\/fr\/wp-json\/wp\/v2\/media?parent=2370"}],"curies":[{"name":"wp","href":"https:\/\/api.w.org\/{rel}","templated":true}]}}