{"id":2313,"date":"2021-02-09T16:47:30","date_gmt":"2021-02-09T16:47:30","guid":{"rendered":"http:\/\/test.apartamentosmariavictoria.com\/contact\/"},"modified":"2021-03-16T15:23:30","modified_gmt":"2021-03-16T15:23:30","slug":"contact","status":"publish","type":"page","link":"https:\/\/apartamentosmariavictoria.com\/fr\/contact\/","title":{"rendered":"Contact"},"content":{"rendered":"<p>[et_pb_section fb_built=\u00a0\u00bb1&Prime; fullwidth=\u00a0\u00bbon\u00a0\u00bb admin_label=\u00a0\u00bbHeader\u00a0\u00bb _builder_version=\u00a0\u00bb4.7.4&Prime; _module_preset=\u00a0\u00bbdefault\u00a0\u00bb background_enable_image=\u00a0\u00bboff\u00a0\u00bb][et_pb_fullwidth_header title=\u00a0\u00bbContact et localisation\u00a0\u00bb text_orientation=\u00a0\u00bbcenter\u00a0\u00bb background_overlay_color=\u00a0\u00bbrgba(0,0,0,0.2)\u00a0\u00bb _builder_version=\u00a0\u00bb4.7.6&Prime; _module_preset=\u00a0\u00bbdefault\u00a0\u00bb title_font=\u00a0\u00bbEl Messiri||||||||\u00a0\u00bb title_text_color=\u00a0\u00bb#ffffff\u00a0\u00bb title_font_size=\u00a0\u00bb55px\u00a0\u00bb background_enable_color=\u00a0\u00bboff\u00a0\u00bb background_image=\u00a0\u00bbhttps:\/\/apartamentosmariavictoria.com\/wp-content\/uploads\/2020\/12\/contact-bkg.jpg\u00a0\u00bb background_blend=\u00a0\u00bboverlay\u00a0\u00bb custom_padding=\u00a0\u00bb150px||150px||false|false\u00a0\u00bb custom_padding_tablet=\u00a0\u00bb\u00a0\u00bb custom_padding_phone=\u00a0\u00bb||100px||false|false\u00a0\u00bb custom_padding_last_edited=\u00a0\u00bbon|phone\u00a0\u00bb title_font_size_tablet=\u00a0\u00bb\u00a0\u00bb title_font_size_phone=\u00a0\u00bb35px\u00a0\u00bb title_font_size_last_edited=\u00a0\u00bbon|phone\u00a0\u00bb][\/et_pb_fullwidth_header][et_pb_fullwidth_code module_id=\u00a0\u00bbreservas\u00a0\u00bb _builder_version=\u00a0\u00bb4.9.0&Prime; _module_preset=\u00a0\u00bbdefault\u00a0\u00bb background_color=\u00a0\u00bb#ffffff\u00a0\u00bb custom_margin_tablet=\u00a0\u00bb\u00a0\u00bb custom_margin_phone=\u00a0\u00bb-100px||||false|false\u00a0\u00bb custom_margin_last_edited=\u00a0\u00bbon|phone\u00a0\u00bb custom_css_main_element=\u00a0\u00bbposition:absolute !important;||bottom:-50px;||left: 50%;||transform: translate(-50%, 0);\u00a0\u00bb custom_css_main_element_phone=\u00a0\u00bbposition:relative !important;\u00a0\u00bb custom_css_main_element_last_edited=\u00a0\u00bbon|phone\u00a0\u00bb]<script class=\"kas_online_reception\" src=\"https:\/\/wubook.net\/js\/nebk\/bwidget.jgz\" data-wid=\"374f9879-1dee-498c-a27a-622a8c4cc9b3\"><\/script>[\/et_pb_fullwidth_code][\/et_pb_section][et_pb_section fb_built=\u00a0\u00bb1&Prime; admin_label=\u00a0\u00bbFormulario\u00a0\u00bb _builder_version=\u00a0\u00bb4.7.4&Prime; _module_preset=\u00a0\u00bbdefault\u00a0\u00bb][et_pb_row column_structure=\u00a0\u00bb1_2,1_2&Prime; _builder_version=\u00a0\u00bb4.7.4&Prime; _module_preset=\u00a0\u00bbdefault\u00a0\u00bb][et_pb_column type=\u00a0\u00bb1_2&Prime; _builder_version=\u00a0\u00bb4.7.4&Prime; _module_preset=\u00a0\u00bbdefault\u00a0\u00bb][et_pb_text _builder_version=\u00a0\u00bb4.7.6&Prime; _module_preset=\u00a0\u00bbdefault\u00a0\u00bb header_font=\u00a0\u00bbEl Messiri|700|||||||\u00a0\u00bb header_2_font=\u00a0\u00bbEl Messiri|600|||||||\u00a0\u00bb text_orientation_tablet=\u00a0\u00bb\u00a0\u00bb text_orientation_phone=\u00a0\u00bbcenter\u00a0\u00bb text_orientation_last_edited=\u00a0\u00bbon|phone\u00a0\u00bb]<\/p>\n<h2 class=\"logo-name\">Informations de contact<\/h2>\n<p><strong><\/strong><\/p>\n<p><strong><\/strong><\/p>\n<p><strong><\/strong><\/p>\n<p><strong>Adresse:<\/strong> Rue Ibiza, 1 Benidorm <\/p>\n<p><strong>T\u00e9l\u00e9phone:<\/strong> 963750797<\/p>\n<p><strong>Email:<\/strong> info@apartamentosmariavictoria.com<\/p>\n<p>[\/et_pb_text][\/et_pb_column][et_pb_column type=\u00a0\u00bb1_2&Prime; _builder_version=\u00a0\u00bb4.7.4&Prime; _module_preset=\u00a0\u00bbdefault\u00a0\u00bb][et_pb_text _builder_version=\u00a0\u00bb4.7.4&Prime; _module_preset=\u00a0\u00bbdefault\u00a0\u00bb header_font=\u00a0\u00bbEl Messiri|700|||||||\u00a0\u00bb header_2_font=\u00a0\u00bbEl Messiri|600|||||||\u00a0\u00bb header_3_font=\u00a0\u00bbEl Messiri||||||||\u00a0\u00bb header_3_text_align=\u00a0\u00bbcenter\u00a0\u00bb header_3_font_size=\u00a0\u00bb30px\u00a0\u00bb text_orientation=\u00a0\u00bbcenter\u00a0\u00bb]<\/p>\n<h3 class=\"logo-name\">\u00c9crivez-nous<\/h3>\n<p>[\/et_pb_text][dsm_contact_form_7 cf7_library=\u00a0\u00bb845&Prime; show_validation=\u00a0\u00bbon\u00a0\u00bb button_alignment=\u00a0\u00bbcenter\u00a0\u00bb input_background_color=\u00a0\u00bb#ffffff\u00a0\u00bb admin_label=\u00a0\u00bbSupreme Contact Form 7&Prime; _builder_version=\u00a0\u00bb4.7.4&Prime; _module_preset=\u00a0\u00bbdefault\u00a0\u00bb input_textarea_select_line_height=\u00a0\u00bb1em\u00a0\u00bb custom_button_one=\u00a0\u00bbon\u00a0\u00bb button_one_text_color=\u00a0\u00bb#ffffff\u00a0\u00bb button_one_bg_color=\u00a0\u00bb#0b4af7&Prime; button_one_use_icon=\u00a0\u00bboff\u00a0\u00bb custom_padding=\u00a0\u00bb||||false|false\u00a0\u00bb border_radii_image=\u00a0\u00bbon|5px|5px|5px|5px\u00a0\u00bb border_width_all_image=\u00a0\u00bb1px\u00a0\u00bb border_color_all_image=\u00a0\u00bb#0b4af7&Prime;][\/dsm_contact_form_7][\/et_pb_column][\/et_pb_row][\/et_pb_section][et_pb_section fb_built=\u00a0\u00bb1&Prime; fullwidth=\u00a0\u00bbon\u00a0\u00bb _builder_version=\u00a0\u00bb4.7.4&Prime; _module_preset=\u00a0\u00bbdefault\u00a0\u00bb][et_pb_fullwidth_code _builder_version=\u00a0\u00bb4.7.4&Prime; _module_preset=\u00a0\u00bbdefault\u00a0\u00bb]<iframe loading=\"lazy\" src=\"https:\/\/www.google.com\/maps\/embed?pb=!1m14!1m8!1m3!1d12483.697209355683!2d-0.1313773217651367!3d38.535513077264184!3m2!1i1024!2i768!4f13.1!3m3!1m2!1s0x0%3A0xc602e9c47c755f89!2sApartamentos%20Maria%20Victoria%20Benidorm!5e0!3m2!1ses!2ses!4v1606907817238!5m2!1ses!2ses\" width=\"100%\" height=\"450\" frameborder=\"0\" style=\"border:0;\" allowfullscreen=\"\" aria-hidden=\"false\" tabindex=\"0\"><\/iframe>[\/et_pb_fullwidth_code][\/et_pb_section]<\/p>\n","protected":false},"excerpt":{"rendered":"<p>Informations de contact Adresse: Rue Ibiza, 1 Benidorm T\u00e9l\u00e9phone: 963750797 Email: info@apartamentosmariavictoria.com\u00c9crivez-nous<div class=\"et_pb_with_border et_pb_module dsm_contact_form_7 dsm_contact_form_7_0\">\n\t\t\t\t\n\t\t\t\t\n\t\t\t\t\n\t\t\t\t\n\t\t\t\t\n\t\t\t\t\n\t\t\t\t<div class=\"et_pb_module_inner\">\n\t\t\t\t\t<div class=\"\">\n\t\t\t\t\n<div class=\"wpcf7 no-js\" id=\"wpcf7-f2516-o1\" lang=\"fr-FR\" dir=\"ltr\" data-wpcf7-id=\"2516\">\n<div class=\"screen-reader-response\"><p role=\"status\" aria-live=\"polite\" aria-atomic=\"true\"><\/p> <ul><\/ul><\/div>\n<form action=\"\/fr\/wp-json\/wp\/v2\/pages\/2313#wpcf7-f2516-o1\" method=\"post\" class=\"wpcf7-form init\" aria-label=\"Formulaire de contact\" novalidate=\"novalidate\" data-status=\"init\">\n<fieldset class=\"hidden-fields-container\"><input type=\"hidden\" name=\"_wpcf7\" value=\"2516\" \/><input type=\"hidden\" name=\"_wpcf7_version\" value=\"6.1.4\" \/><input type=\"hidden\" name=\"_wpcf7_locale\" value=\"fr_FR\" \/><input type=\"hidden\" name=\"_wpcf7_unit_tag\" value=\"wpcf7-f2516-o1\" \/><input type=\"hidden\" name=\"_wpcf7_container_post\" value=\"0\" \/><input type=\"hidden\" name=\"_wpcf7_posted_data_hash\" value=\"\" \/><input type=\"hidden\" name=\"_wpcf7_recaptcha_response\" value=\"\" \/>\n<\/fieldset>\n<p><span class=\"wpcf7-form-control-wrap\" data-name=\"your-name\"><input size=\"40\" maxlength=\"400\" class=\"wpcf7-form-control wpcf7-text wpcf7-validates-as-required\" aria-required=\"true\" aria-invalid=\"false\" placeholder=\"Nombre*\" value=\"\" type=\"text\" name=\"your-name\" \/><\/span>\n<\/p>\n<p><span class=\"wpcf7-form-control-wrap\" data-name=\"your-surnames\"><input size=\"40\" maxlength=\"400\" class=\"wpcf7-form-control wpcf7-text wpcf7-validates-as-required\" aria-required=\"true\" aria-invalid=\"false\" placeholder=\"Apellidos*\" value=\"\" type=\"text\" name=\"your-surnames\" \/><\/span>\n<\/p>\n<p><span class=\"wpcf7-form-control-wrap\" data-name=\"your-email\"><input size=\"40\" maxlength=\"400\" class=\"wpcf7-form-control wpcf7-email wpcf7-validates-as-required wpcf7-text wpcf7-validates-as-email\" aria-required=\"true\" aria-invalid=\"false\" placeholder=\"Email*\" value=\"\" type=\"email\" name=\"your-email\" \/><\/span>\n<\/p>\n<p><span class=\"wpcf7-form-control-wrap\" data-name=\"your-tlf\"><input size=\"40\" maxlength=\"400\" class=\"wpcf7-form-control wpcf7-text wpcf7-validates-as-required\" aria-required=\"true\" aria-invalid=\"false\" placeholder=\"Tel\u00e9fono*\" value=\"\" type=\"text\" name=\"your-tlf\" \/><\/span>\n<\/p>\n<p><span class=\"wpcf7-form-control-wrap dsm-contact-form-7-select\" data-name=\"your-apartamentos\"><select class=\"wpcf7-form-control wpcf7-select et_pb_contact_select input\" aria-invalid=\"false\" name=\"your-apartamentos\"><option value=\"Selecciona apartamento\">Selecciona apartamento<\/option><option value=\"Apartamento 1 dorm - 2 pers\">Apartamento 1 dorm - 2 pers<\/option><option value=\"Apartamento 1 dorm - 3 pers\">Apartamento 1 dorm - 3 pers<\/option><option value=\"Apartamento 2 dorm - 4 pers\">Apartamento 2 dorm - 4 pers<\/option><\/select><\/span>\n<\/p>\n<p><span class=\"wpcf7-form-control-wrap\" data-name=\"your-message\"><textarea cols=\"40\" rows=\"10\" maxlength=\"2000\" class=\"wpcf7-form-control wpcf7-textarea\" aria-invalid=\"false\" placeholder=\"Comentario\" name=\"your-message\"><\/textarea><\/span>\n<\/p>\n<p><span class=\"wpcf7-form-control-wrap\" data-name=\"acceptance-382\"><span class=\"wpcf7-form-control wpcf7-acceptance\"><span class=\"wpcf7-list-item\"><input type=\"checkbox\" name=\"acceptance-382\" value=\"1\" aria-invalid=\"false\" \/><\/span><\/span><\/span> J'ai lu et accepte le<a href=\"politica-privacidad\"> Politique de confidentialit\u00e9<\/a>\n<\/p>\n<p><button class=\"wpcf7-form-control wpcf7-submit has-spinner et_pb_button et_pb_bg_layout_light\" type=\"submit\" value=\"Enviar\">Enviar<\/button>\n<\/p><input type='hidden' class='wpcf7-pum' value='{\"closepopup\":false,\"closedelay\":0,\"openpopup\":false,\"openpopup_id\":0}' \/><div class=\"wpcf7-response-output\" aria-hidden=\"true\"><\/div>\n<\/form>\n<\/div>\n\n\t\t\t<\/div>\n\t\t\t\t<\/div>\n\t\t\t<\/div><\/p>\n","protected":false},"author":1,"featured_media":0,"parent":0,"menu_order":0,"comment_status":"closed","ping_status":"closed","template":"","meta":{"_et_pb_use_builder":"on","_et_pb_old_content":"","_et_gb_content_width":"","inline_featured_image":false,"footnotes":""},"class_list":["post-2313","page","type-page","status-publish","hentry"],"yoast_head":"<!-- This site is optimized with the Yoast SEO plugin v26.9 - https:\/\/yoast.com\/product\/yoast-seo-wordpress\/ -->\n<title>Contact - Apartamento Mar\u00eda Victoria de Benidorm<\/title>\n<meta name=\"description\" content=\"Contactez les Maria Victoria Apartments \u00e0 Benidorm en utilisant l&#039;e-mail info@apartamentosmariavictoria.com\" \/>\n<meta name=\"robots\" content=\"index, follow, max-snippet:-1, max-image-preview:large, max-video-preview:-1\" \/>\n<link rel=\"canonical\" href=\"https:\/\/apartamentosmariavictoria.com\/fr\/contact\/\" \/>\n<meta property=\"og:locale\" content=\"fr_FR\" \/>\n<meta property=\"og:type\" content=\"article\" \/>\n<meta property=\"og:title\" content=\"Contact - Apartamento Mar\u00eda Victoria de Benidorm\" \/>\n<meta property=\"og:description\" content=\"Contactez les Maria Victoria Apartments \u00e0 Benidorm en utilisant l&#039;e-mail info@apartamentosmariavictoria.com\" \/>\n<meta property=\"og:url\" content=\"https:\/\/apartamentosmariavictoria.com\/fr\/contact\/\" \/>\n<meta property=\"og:site_name\" content=\"Apartamento Mar\u00eda Victoria\" \/>\n<meta property=\"article:publisher\" content=\"https:\/\/es-es.facebook.com\/juanferrandis77\/\" \/>\n<meta property=\"article:modified_time\" content=\"2021-03-16T15:23:30+00:00\" \/>\n<meta name=\"twitter:card\" content=\"summary_large_image\" \/>\n<meta name=\"twitter:label1\" content=\"Dur\u00e9e de lecture estim\u00e9e\" \/>\n\t<meta name=\"twitter:data1\" content=\"2 minutes\" \/>\n<script type=\"application\/ld+json\" class=\"yoast-schema-graph\">{\"@context\":\"https:\/\/schema.org\",\"@graph\":[{\"@type\":\"WebPage\",\"@id\":\"https:\/\/apartamentosmariavictoria.com\/fr\/contact\/\",\"url\":\"https:\/\/apartamentosmariavictoria.com\/fr\/contact\/\",\"name\":\"Contact - Apartamento Mar\u00eda Victoria de Benidorm\",\"isPartOf\":{\"@id\":\"https:\/\/apartamentosmariavictoria.com\/fr\/#website\"},\"datePublished\":\"2021-02-09T16:47:30+00:00\",\"dateModified\":\"2021-03-16T15:23:30+00:00\",\"description\":\"Contactez les Maria Victoria Apartments \u00e0 Benidorm en utilisant l'e-mail info@apartamentosmariavictoria.com\",\"breadcrumb\":{\"@id\":\"https:\/\/apartamentosmariavictoria.com\/fr\/contact\/#breadcrumb\"},\"inLanguage\":\"fr-FR\",\"potentialAction\":[{\"@type\":\"ReadAction\",\"target\":[\"https:\/\/apartamentosmariavictoria.com\/fr\/contact\/\"]}]},{\"@type\":\"BreadcrumbList\",\"@id\":\"https:\/\/apartamentosmariavictoria.com\/fr\/contact\/#breadcrumb\",\"itemListElement\":[{\"@type\":\"ListItem\",\"position\":1,\"name\":\"Portada\",\"item\":\"https:\/\/apartamentosmariavictoria.com\/fr\/\"},{\"@type\":\"ListItem\",\"position\":2,\"name\":\"Contact\"}]},{\"@type\":\"WebSite\",\"@id\":\"https:\/\/apartamentosmariavictoria.com\/fr\/#website\",\"url\":\"https:\/\/apartamentosmariavictoria.com\/fr\/\",\"name\":\"Apartamento Mar\u00eda Victoria en Benidorm\",\"description\":\"Hotel Apartamentos Mar\u00eda Victoria en Benidorm\",\"publisher\":{\"@id\":\"https:\/\/apartamentosmariavictoria.com\/fr\/#organization\"},\"potentialAction\":[{\"@type\":\"SearchAction\",\"target\":{\"@type\":\"EntryPoint\",\"urlTemplate\":\"https:\/\/apartamentosmariavictoria.com\/fr\/?s={search_term_string}\"},\"query-input\":{\"@type\":\"PropertyValueSpecification\",\"valueRequired\":true,\"valueName\":\"search_term_string\"}}],\"inLanguage\":\"fr-FR\"},{\"@type\":\"Organization\",\"@id\":\"https:\/\/apartamentosmariavictoria.com\/fr\/#organization\",\"name\":\"Apartamentos Mar\u00eda Victoria\",\"url\":\"https:\/\/apartamentosmariavictoria.com\/fr\/\",\"logo\":{\"@type\":\"ImageObject\",\"inLanguage\":\"fr-FR\",\"@id\":\"https:\/\/apartamentosmariavictoria.com\/fr\/#\/schema\/logo\/image\/\",\"url\":\"https:\/\/apartamentosmariavictoria.com\/wp-content\/uploads\/2021\/02\/logo-apartamentos-mariavictoria.jpg\",\"contentUrl\":\"https:\/\/apartamentosmariavictoria.com\/wp-content\/uploads\/2021\/02\/logo-apartamentos-mariavictoria.jpg\",\"width\":400,\"height\":181,\"caption\":\"Apartamentos Mar\u00eda Victoria\"},\"image\":{\"@id\":\"https:\/\/apartamentosmariavictoria.com\/fr\/#\/schema\/logo\/image\/\"},\"sameAs\":[\"https:\/\/es-es.facebook.com\/juanferrandis77\/\"]}]}<\/script>\n<!-- \/ Yoast SEO plugin. -->","yoast_head_json":{"title":"Contact - Apartamento Mar\u00eda Victoria de Benidorm","description":"Contactez les Maria Victoria Apartments \u00e0 Benidorm en utilisant l'e-mail info@apartamentosmariavictoria.com","robots":{"index":"index","follow":"follow","max-snippet":"max-snippet:-1","max-image-preview":"max-image-preview:large","max-video-preview":"max-video-preview:-1"},"canonical":"https:\/\/apartamentosmariavictoria.com\/fr\/contact\/","og_locale":"fr_FR","og_type":"article","og_title":"Contact - Apartamento Mar\u00eda Victoria de Benidorm","og_description":"Contactez les Maria Victoria Apartments \u00e0 Benidorm en utilisant l'e-mail info@apartamentosmariavictoria.com","og_url":"https:\/\/apartamentosmariavictoria.com\/fr\/contact\/","og_site_name":"Apartamento Mar\u00eda Victoria","article_publisher":"https:\/\/es-es.facebook.com\/juanferrandis77\/","article_modified_time":"2021-03-16T15:23:30+00:00","twitter_card":"summary_large_image","twitter_misc":{"Dur\u00e9e de lecture estim\u00e9e":"2 minutes"},"schema":{"@context":"https:\/\/schema.org","@graph":[{"@type":"WebPage","@id":"https:\/\/apartamentosmariavictoria.com\/fr\/contact\/","url":"https:\/\/apartamentosmariavictoria.com\/fr\/contact\/","name":"Contact - Apartamento Mar\u00eda Victoria de Benidorm","isPartOf":{"@id":"https:\/\/apartamentosmariavictoria.com\/fr\/#website"},"datePublished":"2021-02-09T16:47:30+00:00","dateModified":"2021-03-16T15:23:30+00:00","description":"Contactez les Maria Victoria Apartments \u00e0 Benidorm en utilisant l'e-mail info@apartamentosmariavictoria.com","breadcrumb":{"@id":"https:\/\/apartamentosmariavictoria.com\/fr\/contact\/#breadcrumb"},"inLanguage":"fr-FR","potentialAction":[{"@type":"ReadAction","target":["https:\/\/apartamentosmariavictoria.com\/fr\/contact\/"]}]},{"@type":"BreadcrumbList","@id":"https:\/\/apartamentosmariavictoria.com\/fr\/contact\/#breadcrumb","itemListElement":[{"@type":"ListItem","position":1,"name":"Portada","item":"https:\/\/apartamentosmariavictoria.com\/fr\/"},{"@type":"ListItem","position":2,"name":"Contact"}]},{"@type":"WebSite","@id":"https:\/\/apartamentosmariavictoria.com\/fr\/#website","url":"https:\/\/apartamentosmariavictoria.com\/fr\/","name":"Apartamento Mar\u00eda Victoria en Benidorm","description":"Hotel Apartamentos Mar\u00eda Victoria en Benidorm","publisher":{"@id":"https:\/\/apartamentosmariavictoria.com\/fr\/#organization"},"potentialAction":[{"@type":"SearchAction","target":{"@type":"EntryPoint","urlTemplate":"https:\/\/apartamentosmariavictoria.com\/fr\/?s={search_term_string}"},"query-input":{"@type":"PropertyValueSpecification","valueRequired":true,"valueName":"search_term_string"}}],"inLanguage":"fr-FR"},{"@type":"Organization","@id":"https:\/\/apartamentosmariavictoria.com\/fr\/#organization","name":"Apartamentos Mar\u00eda Victoria","url":"https:\/\/apartamentosmariavictoria.com\/fr\/","logo":{"@type":"ImageObject","inLanguage":"fr-FR","@id":"https:\/\/apartamentosmariavictoria.com\/fr\/#\/schema\/logo\/image\/","url":"https:\/\/apartamentosmariavictoria.com\/wp-content\/uploads\/2021\/02\/logo-apartamentos-mariavictoria.jpg","contentUrl":"https:\/\/apartamentosmariavictoria.com\/wp-content\/uploads\/2021\/02\/logo-apartamentos-mariavictoria.jpg","width":400,"height":181,"caption":"Apartamentos Mar\u00eda Victoria"},"image":{"@id":"https:\/\/apartamentosmariavictoria.com\/fr\/#\/schema\/logo\/image\/"},"sameAs":["https:\/\/es-es.facebook.com\/juanferrandis77\/"]}]}},"_links":{"self":[{"href":"https:\/\/apartamentosmariavictoria.com\/fr\/wp-json\/wp\/v2\/pages\/2313","targetHints":{"allow":["GET"]}}],"collection":[{"href":"https:\/\/apartamentosmariavictoria.com\/fr\/wp-json\/wp\/v2\/pages"}],"about":[{"href":"https:\/\/apartamentosmariavictoria.com\/fr\/wp-json\/wp\/v2\/types\/page"}],"author":[{"embeddable":true,"href":"https:\/\/apartamentosmariavictoria.com\/fr\/wp-json\/wp\/v2\/users\/1"}],"replies":[{"embeddable":true,"href":"https:\/\/apartamentosmariavictoria.com\/fr\/wp-json\/wp\/v2\/comments?post=2313"}],"version-history":[{"count":1,"href":"https:\/\/apartamentosmariavictoria.com\/fr\/wp-json\/wp\/v2\/pages\/2313\/revisions"}],"predecessor-version":[{"id":3067,"href":"https:\/\/apartamentosmariavictoria.com\/fr\/wp-json\/wp\/v2\/pages\/2313\/revisions\/3067"}],"wp:attachment":[{"href":"https:\/\/apartamentosmariavictoria.com\/fr\/wp-json\/wp\/v2\/media?parent=2313"}],"curies":[{"name":"wp","href":"https:\/\/api.w.org\/{rel}","templated":true}]}}